{"id":10218,"date":"2022-02-08T11:02:40","date_gmt":"2022-02-08T10:02:40","guid":{"rendered":"https:\/\/clef2webdev.be\/?page_id=10218"},"modified":"2023-11-10T15:32:29","modified_gmt":"2023-11-10T14:32:29","slug":"gezond-eten-tijdens-de-zwangerschap","status":"publish","type":"page","link":"https:\/\/www.bornin.brussels\/nl\/zwangerschap-respectvolle-geboorte\/voeding-en-zwangerschap\/gezond-eten-tijdens-de-zwangerschap\/","title":{"rendered":"Gezond eten tijdens de zwangerschap"},"content":{"rendered":"<p><strong>Evenwichtig eten tijdens de zwangerschap lijkt vanzelfsprekend, zowel voor de gezondheid van jou als aanstaande moeder als van jouw ongeboren baby. Dat is gemakkelijk gezegd, maar hoe hou je je gezondheid onder controle zonder te veel aan te komen of toe te geven aan \u2018vreetbuien\u2019? Moet je je gewoontes veranderen? Wat is gezond en wat zeker niet? De gezondheidswerkers begeleiden jou zeker als je een speciaal dieet nodig hebt. En goed eten betekent ook aandacht hebben voor de samenstelling van het voedsel, de versheid, het bewaren en het juiste gebruik.<\/strong><\/p>\n<div class=\"red-list\">\n<ul>\n<li><a href=\"#eten\">Waarom is het belangrijk om goed te eten tijdens de zwangerschap?<\/a><\/li>\n<li><a href=\"#ritme\">Een evenwichtig ritme aanhouden<\/a><\/li>\n<li><a href=\"#voeding\">Welke voedingsmiddelen moet ik kiezen?<\/a><\/li>\n<li><a href=\"#dranken\">Dranken<\/a><\/li>\n<li><a href=\"#vermijden\">Welke voedingsmiddelen moet ik vermijden?<\/a><\/li>\n<li><a href=\"#mate\">Levensmiddelen die je met mate mag eten<\/a><\/li>\n<li><a href=\"#supplementen\">Voedingssupplementen<\/a><\/li>\n<\/ul>\n<\/div>\n<h2><a id=\"eten\"><\/a>Waarom is het belangrijk om goed te eten tijdens de zwangerschap?<\/h2>\n<p>Tijdens de zwangerschap voorziet de moeder haar baby van alle voedingsstoffen die nodig zijn voor zijn ontwikkeling: eiwitten, vitaminen, mineralen, vetten en suikers. Maar de moeder heeft zelf ook evenwichtige voeding nodig om futloosheid of vermoeidheid te voorkomen. Goed eten zorgt bovendien voor een beter herstel na de bevalling en tijdens de borstvoeding, en helpt je om sneller weer op je normale gewicht te komen.<\/p>\n<h2><a id=\"ritme\"><\/a>Een evenwichtig ritme aanhouden<\/h2>\n<p>Om trek en vermoeidheid te voorkomen, is het belangrijk om het gewone ritme aan te houden van drie evenwichtige maaltijden per dag, en twee tussendoortjes bestaande uit fruit, yoghurt, appelmoes of gedroogd fruit. Dit is niet het moment om met een dieet te beginnen, nu moet je lange periodes zonder eten of drinken juist vermijden.<\/p>\n<p>Op die manier zal de gewichtstoename beter onder controle zijn en overeenstemmen met je normale ontwikkeling als aanstaande moeder (tussen 8 en 12 kilo, afhankelijk van je lengte en basisgewicht).<\/p>\n<h2><a id=\"voeding\"><\/a>Welke voedingsmiddelen moet ik kiezen?<\/h2>\n<h3>Groenten en fruit<\/h3>\n<p>De bekende regel van vijf groenten en fruit per dag is nu zeker van toepassing: zo kan je alle noodzakelijke vitaminen opnemen, waaronder foliumzuur of vitamine B9, die essentieel zijn tijdens de zwangerschap. Kleurrijke groenten en fruit bevatten een grote hoeveelheid aan vitaminen. Kook de groenten met weinig vet en zout en voeg geen suiker toe aan fruit. Fruit is voedzamer dan sap.<\/p>\n<p>Eet je rauwe groenten of fruit, zorg er dan voor dat je ze eerst grondig schoonmaakt; zo worden sporen van pesticiden verwijderd en vermijd je het risico op toxoplasmose (een parasiet die wordt overgedragen door het eten van besmette groenten en niet gepasteuriseerde fruit of vlees).<\/p>\n<h3>Zetmeelrijke voedingsmiddelen en graanproducten<\/h3>\n<p>Zetmeelrijke voedingsmiddelen zoals peulvruchten, rijst, aardappelen en graanproducten zoals brood (tarwe, gerst, enz.), pasta en griesmeel zijn bronnen van energie, eiwitten, mineralen, vezels en vitaminen van de B-groep. Ze zijn ideaal om snoepen tussen de maaltijden en tussendoortjes te voorkomen. Zorg voor voldoende variatie door aardappelen, rijst, griesmeel, pasta, quinoa, gerst, enz. af te wisselen. In supermarkten en speciaalzaken vind je een grote verscheidenheid aan producten die inspiratie kunnen bieden voor nieuwe creaties.<\/p>\n<h3>Vlees, vis, eieren<\/h3>\n<p>Vlees, vis, schaal- en schelpdieren en eieren zijn bronnen van vitamine B, D, ijzer, jodium, die bijdragen tot de gezonde ontwikkeling van de baby. Eet ze bij je twee hoofdmaaltijden, in kleinere hoeveelheden dan groenten en zetmeelrijke voedingsmiddelen. Kies mager vlees of vleesvervangers die bereid zijn met weinig vet en zout.<\/p>\n<p>Vis is een uitstekend voedsel en kan twee keer per week worden gegeten. Wissel af tussen vette vis: zalm, makreel, tonijn, ansjovis, goudbrasem en magere vis: kabeljauw, tong, tilapia, pangasius, zeeduivel, pollak, koolvis, wijting, enz. Vissen zijn rijk aan linolzuur en linoleenzuur, en omega-6- en omega-3-vetzuren: elementen die belangrijk zijn omdat ze niet door het lichaam worden aangemaakt.<\/p>\n<p>Hou je van schaal- en schelpdieren, eet dan gekookte mosselen, oesters, kokkels, krab, garnalen, sint-jakobsschelpen, enz.<\/p>\n<h3>Oli\u00ebn en vetten<\/h3>\n<p>Oli\u00ebn en vetten die omega 3 bevatten, zoals koolzaadolie, zijn noodzakelijk voor de goede ontwikkeling van de hersenen van de baby. Olijfolie staat bekend om zijn antioxidanten.<\/p>\n<p>Plantaardige oli\u00ebn en vetten bevatten onverzadigde vetzuren die goed zijn voor het lichaam. Oli\u00ebn kunnen worden gevarieerd naargelang je smaak en bereiding:<\/p>\n<ul>\n<li>Koude bereidingen: olijfolie van eerste persing, raapzaadolie, lijnzaadolie,<\/li>\n<li>Hete gerechten: olijfolie van eerste persing, koolzaadolie, pindaolie, kokosolie &#8211; vermijd oververhitting van de olie in de pan, rokende olie is ongezond.<\/li>\n<\/ul>\n<p>Boter is rijk aan vitamine A, D en E, en moet in matige hoeveelheden worden geconsumeerd, liever vers dan gekookt: boven 120\u00b0 wordt boter snel donker en giftig.<\/p>\n<p>Plantaardige margarines kunnen worden gebruikt om te koken: kies margarine met zo weinig mogelijk ingredi\u00ebnten (geen kleurstoffen, emulgatoren, smaakstoffen, verdikkingsmiddelen) en die omega 6 en omega 3 bevat. Zij moet minder dan 17% verzadigde vetzuren bevatten.<\/p>\n<h2><a id=\"dranken\"><\/a>Dranken<\/h2>\n<h3>Water<\/h3>\n<p>Tijdens de zwangerschap heeft je lichaam 1,5 tot 2 liter water per dag nodig. Ter afwisseling kan je ook natuurlijke vruchtensappen zonder suiker, bouillons, soepen en melk drinken. Energiedranken en sommige frisdranken bevatten cafe\u00efne en kan je dus beter vermijden.<\/p>\n<h3>Koffie, thee<\/h3>\n<p>Per dag kan je \u00e9\u00e9n kop koffie of twee koppen thee drinken. Weet dat cafe\u00efne en the\u00efne je baby bereiken via de placenta.<\/p>\n<h3>Kruidenthee<\/h3>\n<p>Kruiden kunnen in bepaalde gevallen een nadelige invloed hebben op de gezondheid, vooral bij zwangere vrouwen. Aarzel niet je apotheker-herborist om informatie te vragen, en om je te begeleiden op maat van jouw behoeften en smaken: slaap, agitatie, misselijkheid, ontspanning, zware benen, fruit- of citrusgeuren, enz.<\/p>\n<p>Gemberthee staat bijvoorbeeld bekend om zijn werking tegen misselijkheid. Infusies van verbena, oranjebloesem, lindebloesem en citroenmelisse kunnen je helpen om te slapen. Als je rozemarijn, tijm, munt of ijzerkruid kweekt en als kruidenthee wilt gebruiken, mag je ze niet besproeien en goed wassen voor je ze in kruidenthee gebruikt.<\/p>\n<h3>Alcoholische dranken<\/h3>\n<p>Alcohol is absoluut verboden: het dringt snel de placenta binnen en kan ernstige gevolgen hebben, zoals groeistoornissen, leermoeilijkheden, verstandelijke achterstand, enz.<\/p>\n<h2><a id=\"vermijden\"><\/a>Welke voedingsmiddelen moet ik vermijden?<\/h2>\n<h3>Voorkomen van infecties en voedselvergiftiging<\/h3>\n<p>Volgende voedingsmiddelen kunnen besmet zijn met bacteri\u00ebn of parasieten en zo toxoplasmose, salmonella, darminfecties, enz. veroorzaken.<\/p>\n<ul>\n<li>Levensmiddelen die rauwe of nauwelijks gekookte eieren bevatten<\/li>\n<li>Niet-gepasteuriseerde zuivelproducten: melk, kazen gemaakt van rauwe melk &#8211; zachte en halfzachte kazen (Brie, Camembert, Saint-Paulin, Roquefort, Stilton, blauwe kazen&#8230;)<\/li>\n<li>Kazen die gepasteuriseerd zijn maar listeriose kunnen overdragen: feta, romige geitenkaas, enz.<\/li>\n<li>Ongewassen groenten en fruit &#8211; ongepasteuriseerde vruchten- en groentesappen<\/li>\n<li>Rauw, gerookt of licht gegaard vlees, vis en zeevruchten: hotdogs, sushi, sashimi, tartaar, carpaccio, oesters, mosselen, sint-jakobsschelpen, gerookte zalm, gerookte entrecote, enz.<\/li>\n<li>Niet-gedroogde worst, gesneden vleeswaren, pat\u00e9s en gekoeld vleessmeersel<\/li>\n<li>Diverse rauw gekiemde zaden: alfalfa, prei, rode biet, enz.<\/li>\n<li>Bereide voedingsmiddelen uit kruidenierswinkels zoals vleessalades, pastasalades, filet americain, &#8230;<\/li>\n<\/ul>\n<h2><a id=\"mate\"><\/a>Levensmiddelen die je met mate mag eten<\/h2>\n<ul>\n<li>Gezoete dranken, ijs, chocolade<\/li>\n<li>Koffie, thee<\/li>\n<li>Dranken met zoetstoffen<\/li>\n<\/ul>\n<h2><a id=\"supplementen\"><\/a>Voedingssupplementen<\/h2>\n<p>Voedingssupplementen zijn soms nodig, afhankelijk van jouw specifieke situatie, met name wanneer je een vegetarisch of veganistisch dieet volgt of in geval van tekorten. Vraag altijd eerst medisch advies en\/of een voorschrift.<\/p>\n","protected":false},"excerpt":{"rendered":"<p>Evenwichtig eten tijdens de zwangerschap lijkt vanzelfsprekend, zowel voor de gezondheid van jou als aanstaande moeder als van jouw ongeboren baby. Dat is gemakkelijk gezegd, maar hoe hou je je [&hellip;]<\/p>\n","protected":false},"author":5,"featured_media":0,"parent":9607,"menu_order":0,"comment_status":"closed","ping_status":"closed","template":"","meta":{"_acf_changed":false,"_price":"","_stock":"","_tribe_ticket_header":"","_tribe_default_ticket_provider":"","_tribe_ticket_capacity":"0","_ticket_start_date":"","_ticket_end_date":"","_tribe_ticket_show_description":"","_tribe_ticket_show_not_going":false,"_tribe_ticket_use_global_stock":"","_tribe_ticket_global_stock_level":"","_global_stock_mode":"","_global_stock_cap":"","_tribe_rsvp_for_event":"","_tribe_ticket_going_count":"","_tribe_ticket_not_going_count":"","_tribe_tickets_list":"[]","_tribe_ticket_has_attendee_info_fields":false,"footnotes":"","_tec_slr_enabled":"","_tec_slr_layout":""},"class_list":["post-10218","page","type-page","status-publish","hentry"],"acf":[],"yoast_head":"<!-- This site is optimized with the Yoast SEO plugin v27.5 - https:\/\/yoast.com\/product\/yoast-seo-wordpress\/ -->\n<title>Gezond eten tijdens de zwangerschap - Born in Brussels<\/title>\n<meta name=\"description\" content=\"Evenwichtig eten tijdens de zwangerschap lijkt vanzelfsprekend maar... Moet je je gewoontes veranderen? Wat is gezond en wat zeker niet?\" \/>\n<meta name=\"robots\" content=\"index, follow, max-snippet:-1, max-image-preview:large, max-video-preview:-1\" \/>\n<link rel=\"canonical\" href=\"https:\/\/www.bornin.brussels\/nl\/zwangerschap-respectvolle-geboorte\/voeding-en-zwangerschap\/gezond-eten-tijdens-de-zwangerschap\/\" \/>\n<meta property=\"og:locale\" content=\"nl_NL\" \/>\n<meta property=\"og:type\" content=\"article\" \/>\n<meta property=\"og:title\" content=\"Gezond eten tijdens de zwangerschap - Born in Brussels\" \/>\n<meta property=\"og:description\" content=\"Evenwichtig eten tijdens de zwangerschap lijkt vanzelfsprekend maar... Moet je je gewoontes veranderen? Wat is gezond en wat zeker niet?\" \/>\n<meta property=\"og:url\" content=\"https:\/\/www.bornin.brussels\/nl\/zwangerschap-respectvolle-geboorte\/voeding-en-zwangerschap\/gezond-eten-tijdens-de-zwangerschap\/\" \/>\n<meta property=\"og:site_name\" content=\"Born in Brussels\" \/>\n<meta property=\"article:publisher\" content=\"https:\/\/www.facebook.com\/bornin.brussels\" \/>\n<meta property=\"article:modified_time\" content=\"2023-11-10T14:32:29+00:00\" \/>\n<meta property=\"og:image\" content=\"https:\/\/www.bornin.brussels\/wp-content\/uploads\/2022\/06\/logo_social.png\" \/>\n\t<meta property=\"og:image:width\" content=\"200\" \/>\n\t<meta property=\"og:image:height\" content=\"200\" \/>\n\t<meta property=\"og:image:type\" content=\"image\/png\" \/>\n<meta name=\"twitter:card\" content=\"summary_large_image\" \/>\n<meta name=\"twitter:site\" content=\"@BorninBrussels\" \/>\n<meta name=\"twitter:label1\" content=\"Geschatte leestijd\" \/>\n\t<meta name=\"twitter:data1\" content=\"5 minuten\" \/>\n<script type=\"application\/ld+json\" class=\"yoast-schema-graph\">{\"@context\":\"https:\\\/\\\/schema.org\",\"@graph\":[{\"@type\":\"WebPage\",\"@id\":\"https:\\\/\\\/www.bornin.brussels\\\/nl\\\/zwangerschap-respectvolle-geboorte\\\/voeding-en-zwangerschap\\\/gezond-eten-tijdens-de-zwangerschap\\\/\",\"url\":\"https:\\\/\\\/www.bornin.brussels\\\/nl\\\/zwangerschap-respectvolle-geboorte\\\/voeding-en-zwangerschap\\\/gezond-eten-tijdens-de-zwangerschap\\\/\",\"name\":\"Gezond eten tijdens de zwangerschap - Born in Brussels\",\"isPartOf\":{\"@id\":\"https:\\\/\\\/www.bornin.brussels\\\/#website\"},\"datePublished\":\"2022-02-08T10:02:40+00:00\",\"dateModified\":\"2023-11-10T14:32:29+00:00\",\"description\":\"Evenwichtig eten tijdens de zwangerschap lijkt vanzelfsprekend maar... Moet je je gewoontes veranderen? Wat is gezond en wat zeker niet?\",\"breadcrumb\":{\"@id\":\"https:\\\/\\\/www.bornin.brussels\\\/nl\\\/zwangerschap-respectvolle-geboorte\\\/voeding-en-zwangerschap\\\/gezond-eten-tijdens-de-zwangerschap\\\/#breadcrumb\"},\"inLanguage\":\"nl-NL\",\"potentialAction\":[{\"@type\":\"ReadAction\",\"target\":[\"https:\\\/\\\/www.bornin.brussels\\\/nl\\\/zwangerschap-respectvolle-geboorte\\\/voeding-en-zwangerschap\\\/gezond-eten-tijdens-de-zwangerschap\\\/\"]}]},{\"@type\":\"BreadcrumbList\",\"@id\":\"https:\\\/\\\/www.bornin.brussels\\\/nl\\\/zwangerschap-respectvolle-geboorte\\\/voeding-en-zwangerschap\\\/gezond-eten-tijdens-de-zwangerschap\\\/#breadcrumb\",\"itemListElement\":[{\"@type\":\"ListItem\",\"position\":1,\"name\":\"Accueil\",\"item\":\"https:\\\/\\\/www.bornin.brussels\\\/nl\\\/\"},{\"@type\":\"ListItem\",\"position\":2,\"name\":\"Zwangerschap Respectvolle geboorte\",\"item\":\"https:\\\/\\\/www.bornin.brussels\\\/nl\\\/zwangerschap-respectvolle-geboorte\\\/\"},{\"@type\":\"ListItem\",\"position\":3,\"name\":\"Voeding en zwangerschap\",\"item\":\"https:\\\/\\\/www.bornin.brussels\\\/nl\\\/zwangerschap-respectvolle-geboorte\\\/voeding-en-zwangerschap\\\/\"},{\"@type\":\"ListItem\",\"position\":4,\"name\":\"Gezond eten tijdens de zwangerschap\"}]},{\"@type\":\"WebSite\",\"@id\":\"https:\\\/\\\/www.bornin.brussels\\\/#website\",\"url\":\"https:\\\/\\\/www.bornin.brussels\\\/\",\"name\":\"Born in Brussels\",\"description\":\"Info en hulpbronnen rond de geboorte en de vroege kinderjaren\",\"potentialAction\":[{\"@type\":\"SearchAction\",\"target\":{\"@type\":\"EntryPoint\",\"urlTemplate\":\"https:\\\/\\\/www.bornin.brussels\\\/?s={search_term_string}\"},\"query-input\":{\"@type\":\"PropertyValueSpecification\",\"valueRequired\":true,\"valueName\":\"search_term_string\"}}],\"inLanguage\":\"nl-NL\"}]}<\/script>\n<!-- \/ Yoast SEO plugin. -->","yoast_head_json":{"title":"Gezond eten tijdens de zwangerschap - Born in Brussels","description":"Evenwichtig eten tijdens de zwangerschap lijkt vanzelfsprekend maar... Moet je je gewoontes veranderen? Wat is gezond en wat zeker niet?","robots":{"index":"index","follow":"follow","max-snippet":"max-snippet:-1","max-image-preview":"max-image-preview:large","max-video-preview":"max-video-preview:-1"},"canonical":"https:\/\/www.bornin.brussels\/nl\/zwangerschap-respectvolle-geboorte\/voeding-en-zwangerschap\/gezond-eten-tijdens-de-zwangerschap\/","og_locale":"nl_NL","og_type":"article","og_title":"Gezond eten tijdens de zwangerschap - Born in Brussels","og_description":"Evenwichtig eten tijdens de zwangerschap lijkt vanzelfsprekend maar... Moet je je gewoontes veranderen? Wat is gezond en wat zeker niet?","og_url":"https:\/\/www.bornin.brussels\/nl\/zwangerschap-respectvolle-geboorte\/voeding-en-zwangerschap\/gezond-eten-tijdens-de-zwangerschap\/","og_site_name":"Born in Brussels","article_publisher":"https:\/\/www.facebook.com\/bornin.brussels","article_modified_time":"2023-11-10T14:32:29+00:00","og_image":[{"width":200,"height":200,"url":"https:\/\/www.bornin.brussels\/wp-content\/uploads\/2022\/06\/logo_social.png","type":"image\/png"}],"twitter_card":"summary_large_image","twitter_site":"@BorninBrussels","twitter_misc":{"Geschatte leestijd":"5 minuten"},"schema":{"@context":"https:\/\/schema.org","@graph":[{"@type":"WebPage","@id":"https:\/\/www.bornin.brussels\/nl\/zwangerschap-respectvolle-geboorte\/voeding-en-zwangerschap\/gezond-eten-tijdens-de-zwangerschap\/","url":"https:\/\/www.bornin.brussels\/nl\/zwangerschap-respectvolle-geboorte\/voeding-en-zwangerschap\/gezond-eten-tijdens-de-zwangerschap\/","name":"Gezond eten tijdens de zwangerschap - Born in Brussels","isPartOf":{"@id":"https:\/\/www.bornin.brussels\/#website"},"datePublished":"2022-02-08T10:02:40+00:00","dateModified":"2023-11-10T14:32:29+00:00","description":"Evenwichtig eten tijdens de zwangerschap lijkt vanzelfsprekend maar... Moet je je gewoontes veranderen? Wat is gezond en wat zeker niet?","breadcrumb":{"@id":"https:\/\/www.bornin.brussels\/nl\/zwangerschap-respectvolle-geboorte\/voeding-en-zwangerschap\/gezond-eten-tijdens-de-zwangerschap\/#breadcrumb"},"inLanguage":"nl-NL","potentialAction":[{"@type":"ReadAction","target":["https:\/\/www.bornin.brussels\/nl\/zwangerschap-respectvolle-geboorte\/voeding-en-zwangerschap\/gezond-eten-tijdens-de-zwangerschap\/"]}]},{"@type":"BreadcrumbList","@id":"https:\/\/www.bornin.brussels\/nl\/zwangerschap-respectvolle-geboorte\/voeding-en-zwangerschap\/gezond-eten-tijdens-de-zwangerschap\/#breadcrumb","itemListElement":[{"@type":"ListItem","position":1,"name":"Accueil","item":"https:\/\/www.bornin.brussels\/nl\/"},{"@type":"ListItem","position":2,"name":"Zwangerschap Respectvolle geboorte","item":"https:\/\/www.bornin.brussels\/nl\/zwangerschap-respectvolle-geboorte\/"},{"@type":"ListItem","position":3,"name":"Voeding en zwangerschap","item":"https:\/\/www.bornin.brussels\/nl\/zwangerschap-respectvolle-geboorte\/voeding-en-zwangerschap\/"},{"@type":"ListItem","position":4,"name":"Gezond eten tijdens de zwangerschap"}]},{"@type":"WebSite","@id":"https:\/\/www.bornin.brussels\/#website","url":"https:\/\/www.bornin.brussels\/","name":"Born in Brussels","description":"Info en hulpbronnen rond de geboorte en de vroege kinderjaren","potentialAction":[{"@type":"SearchAction","target":{"@type":"EntryPoint","urlTemplate":"https:\/\/www.bornin.brussels\/?s={search_term_string}"},"query-input":{"@type":"PropertyValueSpecification","valueRequired":true,"valueName":"search_term_string"}}],"inLanguage":"nl-NL"}]}},"ticketed":false,"_links":{"self":[{"href":"https:\/\/www.bornin.brussels\/nl\/wp-json\/wp\/v2\/pages\/10218","targetHints":{"allow":["GET"]}}],"collection":[{"href":"https:\/\/www.bornin.brussels\/nl\/wp-json\/wp\/v2\/pages"}],"about":[{"href":"https:\/\/www.bornin.brussels\/nl\/wp-json\/wp\/v2\/types\/page"}],"author":[{"embeddable":true,"href":"https:\/\/www.bornin.brussels\/nl\/wp-json\/wp\/v2\/users\/5"}],"replies":[{"embeddable":true,"href":"https:\/\/www.bornin.brussels\/nl\/wp-json\/wp\/v2\/comments?post=10218"}],"version-history":[{"count":1,"href":"https:\/\/www.bornin.brussels\/nl\/wp-json\/wp\/v2\/pages\/10218\/revisions"}],"predecessor-version":[{"id":25704,"href":"https:\/\/www.bornin.brussels\/nl\/wp-json\/wp\/v2\/pages\/10218\/revisions\/25704"}],"up":[{"embeddable":true,"href":"https:\/\/www.bornin.brussels\/nl\/wp-json\/wp\/v2\/pages\/9607"}],"wp:attachment":[{"href":"https:\/\/www.bornin.brussels\/nl\/wp-json\/wp\/v2\/media?parent=10218"}],"curies":[{"name":"wp","href":"https:\/\/api.w.org\/{rel}","templated":true}]}}