{"id":10253,"date":"2022-02-08T12:32:12","date_gmt":"2022-02-08T11:32:12","guid":{"rendered":"https:\/\/clef2webdev.be\/?page_id=10253"},"modified":"2022-02-08T12:40:45","modified_gmt":"2022-02-08T11:40:45","slug":"vegetarische-en-veganistische-voeding-tijdens-de-zwangerschap","status":"publish","type":"page","link":"https:\/\/www.bornin.brussels\/nl\/zwangerschap-respectvolle-geboorte\/voeding-en-zwangerschap\/vegetarische-en-veganistische-voeding-tijdens-de-zwangerschap\/","title":{"rendered":"Vegetarische en veganistische voeding tijdens de zwangerschap"},"content":{"rendered":"<p><strong>Veel vrouwen en mannen kiezen er vandaag de dag voor om vegetari\u00ebr te worden, en misschien ben jij wel \u00e9\u00e9n van hen. Wat moet je weten over hoe je een zwangerschap combineert met een vegetarisch of veganistisch dieet met behoud van je voedingsinname en die van je ongeboren kind? Vertel eerst aan je zwangerschapsteam, je verloskundige, gynaecoloog of arts welk soort vegetarisch dieet je volgt. Zij kunnen je voedingsadvies geven en mogelijke tekorten voorkomen.<\/strong><\/p>\n<h2>Specifieke behoeften tijdens de zwangerschap<\/h2>\n<p>Tijdens de zwangerschap verandert jouw lichaam en heb je andere voedingsbehoeften. In het begin van de zwangerschap legt het lichaam voedselreserves aan door een hogere insulineproductie, die de \u2018lipogenese\u2019 en de opslag van vet bevordert. Dat is nodig voor de groei van de foetus tijdens het tweede trimester. De darm absorbeert meer ijzer en calcium om tekorten te voorkomen bij het doorgeven van voedingsstoffen aan de foetus. Het is dus zowel jou als voor je kind van belang dat eventuele tekorten worden aangevuld met specifieke voedingssupplementen.<\/p>\n<h2>Vegetarisme en gezondheid<\/h2>\n<p>Vegetarisme brengt voordelen voor de gezondheid met zich mee, met name door het voorkomen van bepaalde aandoeningen van hart en bloedvaten, diabetes type 2, zwaarlijvigheid en bepaalde vormen van kanker. Bovendien zijn vegetarische en veganistische di\u00ebten vaak rijk aan vezels, antioxidanten (vitamine C, E), caroteno\u00efden en sporenelementen (magnesium, borium).<\/p>\n<h2>Vegetarisch, pesco-vegetarisch, flexitari\u00ebr, ovo-vegetari\u00ebr&#8230;<\/h2>\n<p>Er bestaan tal van \u2018vegetarische\u2019 di\u00ebten. Sommigen eten eieren, vis, zuivelproducten, maar geen zuivelproducten, enz. Anderen mijden alle dierlijke producten.<\/p>\n<p>Afhankelijk van de beperkingen in het dieet, kunnen tekorten voorkomen: calcium, ijzer, zink, vitamine D, B12, B9 (foliumzuur), omega 3-vetzuren, enz. Een tekort aan foliumzuur kan bijvoorbeeld ernstige gevolgen hebben voor de ontwikkeling van de foetus of een vroegtijdige bevalling veroorzaken. Supplementen met foliumzuur worden aanbevolen voor alle toekomstige moeders, ongeacht hun dieet.<\/p>\n<h2>Evenwichtige voeding<\/h2>\n<p>Allereerst moet je als aanstaande moeder gevarieerd en evenwichtig eten en drie maaltijden per dag nuttigen om vreetbuien te voorkomen.<\/p>\n<p>Het ontbijt moet voldoende energie leveren om de dag te beginnen. Bij de lunch en het avondeten moet je gevarieerd eten: volkoren granen, tofu, peulvruchten, volkorenpasta of rijst, aardappelen, griesmeel, volkorenbrood, rauwe of gekookte groenten. En zeker ook fruit, dat het hongergevoel vermindert door de aanvoer van vezels.<\/p>\n<p>Natuurlijk moet je je ook houden aan de richtlijnen als je niet immuun bent tegen bepaalde ziekten en eventueel gekookte groenten verkiezen boven rauwe groenten. Ook hier kan de verloskundige, gynaecoloog of di\u00ebtist je begeleiden.<\/p>\n<h2>Hoe herken ik tekorten?<\/h2>\n<p>Ernstige vermoeidheid of koorts kunnen wijzen op een tekort, dus raadpleeg zo snel mogelijk je gezondheidsteam. Je krijgt dan voedingssupplementen voorgeschreven zoals ijzer of vitamine B9 en B12. Vermijd zelfmedicatie: sommige voedingssupplementen kunnen gevaarlijk zijn voor de zwangerschap, dus vraag advies aan je arts.<\/p>\n","protected":false},"excerpt":{"rendered":"<p>Veel vrouwen en mannen kiezen er vandaag de dag voor om vegetari\u00ebr te worden, en misschien ben jij wel \u00e9\u00e9n van hen. Wat moet je weten over hoe je een [&hellip;]<\/p>\n","protected":false},"author":5,"featured_media":0,"parent":9607,"menu_order":2,"comment_status":"closed","ping_status":"closed","template":"","meta":{"_acf_changed":false,"_price":"","_stock":"","_tribe_ticket_header":"","_tribe_default_ticket_provider":"","_tribe_ticket_capacity":"0","_ticket_start_date":"","_ticket_end_date":"","_tribe_ticket_show_description":"","_tribe_ticket_show_not_going":false,"_tribe_ticket_use_global_stock":"","_tribe_ticket_global_stock_level":"","_global_stock_mode":"","_global_stock_cap":"","_tribe_rsvp_for_event":"","_tribe_ticket_going_count":"","_tribe_ticket_not_going_count":"","_tribe_tickets_list":"[]","_tribe_ticket_has_attendee_info_fields":false,"footnotes":"","_tec_slr_enabled":"","_tec_slr_layout":""},"class_list":["post-10253","page","type-page","status-publish","hentry"],"acf":[],"yoast_head":"<!-- This site is optimized with the Yoast SEO plugin v27.5 - https:\/\/yoast.com\/product\/yoast-seo-wordpress\/ -->\n<title>Vegetarische en veganistische voeding tijdens de zwangerschap - Born in Brussels<\/title>\n<meta name=\"description\" content=\"Wat moet je weten over hoe je een zwangerschap combineert met een vegetarisch of veganistisch dieet met behoud van je voedingsinname en die van je ongeboren kind?\" \/>\n<meta name=\"robots\" content=\"index, follow, max-snippet:-1, max-image-preview:large, max-video-preview:-1\" \/>\n<link rel=\"canonical\" href=\"https:\/\/www.bornin.brussels\/nl\/zwangerschap-respectvolle-geboorte\/voeding-en-zwangerschap\/vegetarische-en-veganistische-voeding-tijdens-de-zwangerschap\/\" \/>\n<meta property=\"og:locale\" content=\"nl_NL\" \/>\n<meta property=\"og:type\" content=\"article\" \/>\n<meta property=\"og:title\" content=\"Vegetarische en veganistische voeding tijdens de zwangerschap - Born in Brussels\" \/>\n<meta property=\"og:description\" content=\"Wat moet je weten over hoe je een zwangerschap combineert met een vegetarisch of veganistisch dieet met behoud van je voedingsinname en die van je ongeboren kind?\" \/>\n<meta property=\"og:url\" content=\"https:\/\/www.bornin.brussels\/nl\/zwangerschap-respectvolle-geboorte\/voeding-en-zwangerschap\/vegetarische-en-veganistische-voeding-tijdens-de-zwangerschap\/\" \/>\n<meta property=\"og:site_name\" content=\"Born in Brussels\" \/>\n<meta property=\"article:publisher\" content=\"https:\/\/www.facebook.com\/bornin.brussels\" \/>\n<meta property=\"article:modified_time\" content=\"2022-02-08T11:40:45+00:00\" \/>\n<meta property=\"og:image\" content=\"https:\/\/www.bornin.brussels\/wp-content\/uploads\/2022\/06\/logo_social.png\" \/>\n\t<meta property=\"og:image:width\" content=\"200\" \/>\n\t<meta property=\"og:image:height\" content=\"200\" \/>\n\t<meta property=\"og:image:type\" content=\"image\/png\" \/>\n<meta name=\"twitter:card\" content=\"summary_large_image\" \/>\n<meta name=\"twitter:site\" content=\"@BorninBrussels\" \/>\n<meta name=\"twitter:label1\" content=\"Geschatte leestijd\" \/>\n\t<meta name=\"twitter:data1\" content=\"2 minuten\" \/>\n<script type=\"application\/ld+json\" class=\"yoast-schema-graph\">{\"@context\":\"https:\\\/\\\/schema.org\",\"@graph\":[{\"@type\":\"WebPage\",\"@id\":\"https:\\\/\\\/www.bornin.brussels\\\/nl\\\/zwangerschap-respectvolle-geboorte\\\/voeding-en-zwangerschap\\\/vegetarische-en-veganistische-voeding-tijdens-de-zwangerschap\\\/\",\"url\":\"https:\\\/\\\/www.bornin.brussels\\\/nl\\\/zwangerschap-respectvolle-geboorte\\\/voeding-en-zwangerschap\\\/vegetarische-en-veganistische-voeding-tijdens-de-zwangerschap\\\/\",\"name\":\"Vegetarische en veganistische voeding tijdens de zwangerschap - Born in Brussels\",\"isPartOf\":{\"@id\":\"https:\\\/\\\/www.bornin.brussels\\\/#website\"},\"datePublished\":\"2022-02-08T11:32:12+00:00\",\"dateModified\":\"2022-02-08T11:40:45+00:00\",\"description\":\"Wat moet je weten over hoe je een zwangerschap combineert met een vegetarisch of veganistisch dieet met behoud van je voedingsinname en die van je ongeboren kind?\",\"breadcrumb\":{\"@id\":\"https:\\\/\\\/www.bornin.brussels\\\/nl\\\/zwangerschap-respectvolle-geboorte\\\/voeding-en-zwangerschap\\\/vegetarische-en-veganistische-voeding-tijdens-de-zwangerschap\\\/#breadcrumb\"},\"inLanguage\":\"nl-NL\",\"potentialAction\":[{\"@type\":\"ReadAction\",\"target\":[\"https:\\\/\\\/www.bornin.brussels\\\/nl\\\/zwangerschap-respectvolle-geboorte\\\/voeding-en-zwangerschap\\\/vegetarische-en-veganistische-voeding-tijdens-de-zwangerschap\\\/\"]}]},{\"@type\":\"BreadcrumbList\",\"@id\":\"https:\\\/\\\/www.bornin.brussels\\\/nl\\\/zwangerschap-respectvolle-geboorte\\\/voeding-en-zwangerschap\\\/vegetarische-en-veganistische-voeding-tijdens-de-zwangerschap\\\/#breadcrumb\",\"itemListElement\":[{\"@type\":\"ListItem\",\"position\":1,\"name\":\"Accueil\",\"item\":\"https:\\\/\\\/www.bornin.brussels\\\/nl\\\/\"},{\"@type\":\"ListItem\",\"position\":2,\"name\":\"Zwangerschap Respectvolle geboorte\",\"item\":\"https:\\\/\\\/www.bornin.brussels\\\/nl\\\/zwangerschap-respectvolle-geboorte\\\/\"},{\"@type\":\"ListItem\",\"position\":3,\"name\":\"Voeding en zwangerschap\",\"item\":\"https:\\\/\\\/www.bornin.brussels\\\/nl\\\/zwangerschap-respectvolle-geboorte\\\/voeding-en-zwangerschap\\\/\"},{\"@type\":\"ListItem\",\"position\":4,\"name\":\"Vegetarische en veganistische voeding tijdens de zwangerschap\"}]},{\"@type\":\"WebSite\",\"@id\":\"https:\\\/\\\/www.bornin.brussels\\\/#website\",\"url\":\"https:\\\/\\\/www.bornin.brussels\\\/\",\"name\":\"Born in Brussels\",\"description\":\"Info en hulpbronnen rond de geboorte en de vroege kinderjaren\",\"potentialAction\":[{\"@type\":\"SearchAction\",\"target\":{\"@type\":\"EntryPoint\",\"urlTemplate\":\"https:\\\/\\\/www.bornin.brussels\\\/?s={search_term_string}\"},\"query-input\":{\"@type\":\"PropertyValueSpecification\",\"valueRequired\":true,\"valueName\":\"search_term_string\"}}],\"inLanguage\":\"nl-NL\"}]}<\/script>\n<!-- \/ Yoast SEO plugin. -->","yoast_head_json":{"title":"Vegetarische en veganistische voeding tijdens de zwangerschap - Born in Brussels","description":"Wat moet je weten over hoe je een zwangerschap combineert met een vegetarisch of veganistisch dieet met behoud van je voedingsinname en die van je ongeboren kind?","robots":{"index":"index","follow":"follow","max-snippet":"max-snippet:-1","max-image-preview":"max-image-preview:large","max-video-preview":"max-video-preview:-1"},"canonical":"https:\/\/www.bornin.brussels\/nl\/zwangerschap-respectvolle-geboorte\/voeding-en-zwangerschap\/vegetarische-en-veganistische-voeding-tijdens-de-zwangerschap\/","og_locale":"nl_NL","og_type":"article","og_title":"Vegetarische en veganistische voeding tijdens de zwangerschap - Born in Brussels","og_description":"Wat moet je weten over hoe je een zwangerschap combineert met een vegetarisch of veganistisch dieet met behoud van je voedingsinname en die van je ongeboren kind?","og_url":"https:\/\/www.bornin.brussels\/nl\/zwangerschap-respectvolle-geboorte\/voeding-en-zwangerschap\/vegetarische-en-veganistische-voeding-tijdens-de-zwangerschap\/","og_site_name":"Born in Brussels","article_publisher":"https:\/\/www.facebook.com\/bornin.brussels","article_modified_time":"2022-02-08T11:40:45+00:00","og_image":[{"width":200,"height":200,"url":"https:\/\/www.bornin.brussels\/wp-content\/uploads\/2022\/06\/logo_social.png","type":"image\/png"}],"twitter_card":"summary_large_image","twitter_site":"@BorninBrussels","twitter_misc":{"Geschatte leestijd":"2 minuten"},"schema":{"@context":"https:\/\/schema.org","@graph":[{"@type":"WebPage","@id":"https:\/\/www.bornin.brussels\/nl\/zwangerschap-respectvolle-geboorte\/voeding-en-zwangerschap\/vegetarische-en-veganistische-voeding-tijdens-de-zwangerschap\/","url":"https:\/\/www.bornin.brussels\/nl\/zwangerschap-respectvolle-geboorte\/voeding-en-zwangerschap\/vegetarische-en-veganistische-voeding-tijdens-de-zwangerschap\/","name":"Vegetarische en veganistische voeding tijdens de zwangerschap - Born in Brussels","isPartOf":{"@id":"https:\/\/www.bornin.brussels\/#website"},"datePublished":"2022-02-08T11:32:12+00:00","dateModified":"2022-02-08T11:40:45+00:00","description":"Wat moet je weten over hoe je een zwangerschap combineert met een vegetarisch of veganistisch dieet met behoud van je voedingsinname en die van je ongeboren kind?","breadcrumb":{"@id":"https:\/\/www.bornin.brussels\/nl\/zwangerschap-respectvolle-geboorte\/voeding-en-zwangerschap\/vegetarische-en-veganistische-voeding-tijdens-de-zwangerschap\/#breadcrumb"},"inLanguage":"nl-NL","potentialAction":[{"@type":"ReadAction","target":["https:\/\/www.bornin.brussels\/nl\/zwangerschap-respectvolle-geboorte\/voeding-en-zwangerschap\/vegetarische-en-veganistische-voeding-tijdens-de-zwangerschap\/"]}]},{"@type":"BreadcrumbList","@id":"https:\/\/www.bornin.brussels\/nl\/zwangerschap-respectvolle-geboorte\/voeding-en-zwangerschap\/vegetarische-en-veganistische-voeding-tijdens-de-zwangerschap\/#breadcrumb","itemListElement":[{"@type":"ListItem","position":1,"name":"Accueil","item":"https:\/\/www.bornin.brussels\/nl\/"},{"@type":"ListItem","position":2,"name":"Zwangerschap Respectvolle geboorte","item":"https:\/\/www.bornin.brussels\/nl\/zwangerschap-respectvolle-geboorte\/"},{"@type":"ListItem","position":3,"name":"Voeding en zwangerschap","item":"https:\/\/www.bornin.brussels\/nl\/zwangerschap-respectvolle-geboorte\/voeding-en-zwangerschap\/"},{"@type":"ListItem","position":4,"name":"Vegetarische en veganistische voeding tijdens de zwangerschap"}]},{"@type":"WebSite","@id":"https:\/\/www.bornin.brussels\/#website","url":"https:\/\/www.bornin.brussels\/","name":"Born in Brussels","description":"Info en hulpbronnen rond de geboorte en de vroege kinderjaren","potentialAction":[{"@type":"SearchAction","target":{"@type":"EntryPoint","urlTemplate":"https:\/\/www.bornin.brussels\/?s={search_term_string}"},"query-input":{"@type":"PropertyValueSpecification","valueRequired":true,"valueName":"search_term_string"}}],"inLanguage":"nl-NL"}]}},"ticketed":false,"_links":{"self":[{"href":"https:\/\/www.bornin.brussels\/nl\/wp-json\/wp\/v2\/pages\/10253","targetHints":{"allow":["GET"]}}],"collection":[{"href":"https:\/\/www.bornin.brussels\/nl\/wp-json\/wp\/v2\/pages"}],"about":[{"href":"https:\/\/www.bornin.brussels\/nl\/wp-json\/wp\/v2\/types\/page"}],"author":[{"embeddable":true,"href":"https:\/\/www.bornin.brussels\/nl\/wp-json\/wp\/v2\/users\/5"}],"replies":[{"embeddable":true,"href":"https:\/\/www.bornin.brussels\/nl\/wp-json\/wp\/v2\/comments?post=10253"}],"version-history":[{"count":0,"href":"https:\/\/www.bornin.brussels\/nl\/wp-json\/wp\/v2\/pages\/10253\/revisions"}],"up":[{"embeddable":true,"href":"https:\/\/www.bornin.brussels\/nl\/wp-json\/wp\/v2\/pages\/9607"}],"wp:attachment":[{"href":"https:\/\/www.bornin.brussels\/nl\/wp-json\/wp\/v2\/media?parent=10253"}],"curies":[{"name":"wp","href":"https:\/\/api.w.org\/{rel}","templated":true}]}}