{"id":13261,"date":"2022-02-25T12:58:46","date_gmt":"2022-02-25T11:58:46","guid":{"rendered":"https:\/\/clef2webdev.be\/?page_id=13261"},"modified":"2023-11-17T14:24:20","modified_gmt":"2023-11-17T13:24:20","slug":"een-kind-adopteren-federale-en-gemeenschapswetgeving","status":"publish","type":"page","link":"https:\/\/www.bornin.brussels\/nl\/mama-en-papa-worden\/adoptie\/een-kind-adopteren-federale-en-gemeenschapswetgeving\/","title":{"rendered":"Een kind adopteren: federale en gemeenschapswetgeving"},"content":{"rendered":"<p><strong>In Belgi\u00eb valt adoptie onder de federale bevoegdheid, maar ook onder die van de gemeenschappen (Walloni\u00eb &#8211; Brussel, Vlaanderen, Duitstalige Gemeenschap) <\/strong><\/p>\n<h2>Wie is bevoegd in Belgi\u00eb?<\/h2>\n<p>De federale staat is bevoegd om de voorwaarden, vormen, gevolgen en herroepingen van adoptie vast te stellen.<\/p>\n<p>De gemeenschappen zijn bevoegd voor alles wat verband houdt met de hulp, begeleiding en bijstand die wordt verleend aan adoptieouders en aspirant-adoptieouders, aan geadopteerde en aspirant-adoptieouders, en aan hun gezinsleden.<\/p>\n<h2>Wat zijn de voorwaarden om een kind te adopteren?<\/h2>\n<p>Adopteren in Belgi\u00eb of in het buitenland houdt een aantal basisvoorwaarden in.<\/p>\n<h3>Wil je een kind adopteren in Belgi\u00eb of in het buitenland?<\/h3>\n<p>Om de procedure te starten moet je altijd<\/p>\n<ul>\n<li>ten minste 25 jaar oud zijn (ten minste 18 jaar oud, in geval van adoptie van een kind van de echtgenoot)<\/li>\n<li>15 jaar ouder zijn dan het geadopteerde kind (10 jaar ouder in geval van adoptie van een stiefkind)<\/li>\n<\/ul>\n<p><strong>Jullie zijn ofwel:<\/strong><\/p>\n<ul>\n<li>Een gehuwd koppel, van verschillend of hetzelfde geslacht<\/li>\n<li>Een wettelijk samenwonend paar, van verschillend of hetzelfde geslacht, dat geen bloed- of aanverwant is en geen huwelijksverbod heeft<\/li>\n<li>Een sinds ten minste drie jaar feitelijk samenwonend paar van verschillend geslacht of van hetzelfde geslacht, dat niet verwant is door een verwantschaps- of verwantschapsband die een huwelijksverbod met zich brengt<\/li>\n<li>Een alleenstaande persoon<\/li>\n<\/ul>\n<p><strong>En jullie:<\/strong><\/p>\n<ul>\n<li>hebben de voorbereiding op de adoptie gevolgd<\/li>\n<li>zijn door de familierechtbank gekwalificeerd en geschikt bevonden om te adopteren<\/li>\n<\/ul>\n<p>In sommige gevallen moeten personen met een buitenlandse nationaliteit ook voldoen aan de voorschriften van hun nationale wetgeving.<\/p>\n<h3>Aanvullende maatregelen voor interlandelijke adoptie<\/h3>\n<p>Om in het buitenland te kunnen adopteren, moet je aan dezelfde criteria voldoen als voor een nationale adoptie, die hierboven zijn opgesomd en waarin de Belgische wet voorziet, maar je moet ook voldoen aan de eisen die verband houden met de wetgeving en de voorwaarden van het land van herkomst van het kind dat je wilt adopteren.<\/p>\n<ul>\n<li>Leeftijd van de adoptieouder, de geadopteerde persoon en het leeftijdsverschil tussen de twee<\/li>\n<li>Burgerlijke staat van de adoptieouders<\/li>\n<li>Gezondheidstoestand van de adoptanten<\/li>\n<li>Andere mogelijke criteria<\/li>\n<\/ul>\n<p>In sommige gevallen moeten personen met een buitenlandse nationaliteit ook voldoen aan de voorschriften van hun nationale wetgeving.<\/p>\n","protected":false},"excerpt":{"rendered":"<p>In Belgi\u00eb valt adoptie onder de federale bevoegdheid, maar ook onder die van de gemeenschappen (Walloni\u00eb &#8211; Brussel, Vlaanderen, Duitstalige Gemeenschap) Wie is bevoegd in Belgi\u00eb? De federale staat is [&hellip;]<\/p>\n","protected":false},"author":2,"featured_media":0,"parent":9655,"menu_order":0,"comment_status":"closed","ping_status":"closed","template":"","meta":{"_acf_changed":false,"_price":"","_stock":"","_tribe_ticket_header":"","_tribe_default_ticket_provider":"","_tribe_ticket_capacity":"0","_ticket_start_date":"","_ticket_end_date":"","_tribe_ticket_show_description":"","_tribe_ticket_show_not_going":false,"_tribe_ticket_use_global_stock":"","_tribe_ticket_global_stock_level":"","_global_stock_mode":"","_global_stock_cap":"","_tribe_rsvp_for_event":"","_tribe_ticket_going_count":"","_tribe_ticket_not_going_count":"","_tribe_tickets_list":"[]","_tribe_ticket_has_attendee_info_fields":false,"footnotes":"","_tec_slr_enabled":"","_tec_slr_layout":""},"class_list":["post-13261","page","type-page","status-publish","hentry"],"acf":[],"yoast_head":"<!-- This site is optimized with the Yoast SEO plugin v27.5 - https:\/\/yoast.com\/product\/yoast-seo-wordpress\/ -->\n<title>Een kind adopteren: federale en gemeenschapswetgeving - Born in Brussels<\/title>\n<meta name=\"description\" content=\"In Belgi\u00eb valt adoptie onder de federale bevoegdheid, maar ook onder die van de gemeenschappen: Walloni\u00eb, Brussel, Vlaanderen, Duitstalige Gemeenschap\" \/>\n<meta name=\"robots\" content=\"index, follow, max-snippet:-1, max-image-preview:large, max-video-preview:-1\" \/>\n<link rel=\"canonical\" href=\"https:\/\/www.bornin.brussels\/nl\/mama-en-papa-worden\/adoptie\/een-kind-adopteren-federale-en-gemeenschapswetgeving\/\" \/>\n<meta property=\"og:locale\" content=\"nl_NL\" \/>\n<meta property=\"og:type\" content=\"article\" \/>\n<meta property=\"og:title\" content=\"Een kind adopteren: federale en gemeenschapswetgeving - Born in Brussels\" \/>\n<meta property=\"og:description\" content=\"In Belgi\u00eb valt adoptie onder de federale bevoegdheid, maar ook onder die van de gemeenschappen: Walloni\u00eb, Brussel, Vlaanderen, Duitstalige Gemeenschap\" \/>\n<meta property=\"og:url\" content=\"https:\/\/www.bornin.brussels\/nl\/mama-en-papa-worden\/adoptie\/een-kind-adopteren-federale-en-gemeenschapswetgeving\/\" \/>\n<meta property=\"og:site_name\" content=\"Born in Brussels\" \/>\n<meta property=\"article:publisher\" content=\"https:\/\/www.facebook.com\/bornin.brussels\" \/>\n<meta property=\"article:modified_time\" content=\"2023-11-17T13:24:20+00:00\" \/>\n<meta property=\"og:image\" content=\"https:\/\/www.bornin.brussels\/wp-content\/uploads\/2022\/06\/logo_social.png\" \/>\n\t<meta property=\"og:image:width\" content=\"200\" \/>\n\t<meta property=\"og:image:height\" content=\"200\" \/>\n\t<meta property=\"og:image:type\" content=\"image\/png\" \/>\n<meta name=\"twitter:card\" content=\"summary_large_image\" \/>\n<meta name=\"twitter:site\" content=\"@BorninBrussels\" \/>\n<meta name=\"twitter:label1\" content=\"Geschatte leestijd\" \/>\n\t<meta name=\"twitter:data1\" content=\"2 minuten\" \/>\n<script type=\"application\/ld+json\" class=\"yoast-schema-graph\">{\"@context\":\"https:\\\/\\\/schema.org\",\"@graph\":[{\"@type\":\"WebPage\",\"@id\":\"https:\\\/\\\/www.bornin.brussels\\\/nl\\\/mama-en-papa-worden\\\/adoptie\\\/een-kind-adopteren-federale-en-gemeenschapswetgeving\\\/\",\"url\":\"https:\\\/\\\/www.bornin.brussels\\\/nl\\\/mama-en-papa-worden\\\/adoptie\\\/een-kind-adopteren-federale-en-gemeenschapswetgeving\\\/\",\"name\":\"Een kind adopteren: federale en gemeenschapswetgeving - Born in Brussels\",\"isPartOf\":{\"@id\":\"https:\\\/\\\/www.bornin.brussels\\\/#website\"},\"datePublished\":\"2022-02-25T11:58:46+00:00\",\"dateModified\":\"2023-11-17T13:24:20+00:00\",\"description\":\"In Belgi\u00eb valt adoptie onder de federale bevoegdheid, maar ook onder die van de gemeenschappen: Walloni\u00eb, Brussel, Vlaanderen, Duitstalige Gemeenschap\",\"breadcrumb\":{\"@id\":\"https:\\\/\\\/www.bornin.brussels\\\/nl\\\/mama-en-papa-worden\\\/adoptie\\\/een-kind-adopteren-federale-en-gemeenschapswetgeving\\\/#breadcrumb\"},\"inLanguage\":\"nl-NL\",\"potentialAction\":[{\"@type\":\"ReadAction\",\"target\":[\"https:\\\/\\\/www.bornin.brussels\\\/nl\\\/mama-en-papa-worden\\\/adoptie\\\/een-kind-adopteren-federale-en-gemeenschapswetgeving\\\/\"]}]},{\"@type\":\"BreadcrumbList\",\"@id\":\"https:\\\/\\\/www.bornin.brussels\\\/nl\\\/mama-en-papa-worden\\\/adoptie\\\/een-kind-adopteren-federale-en-gemeenschapswetgeving\\\/#breadcrumb\",\"itemListElement\":[{\"@type\":\"ListItem\",\"position\":1,\"name\":\"Accueil\",\"item\":\"https:\\\/\\\/www.bornin.brussels\\\/nl\\\/\"},{\"@type\":\"ListItem\",\"position\":2,\"name\":\"Mama en papa worden\",\"item\":\"https:\\\/\\\/www.bornin.brussels\\\/nl\\\/mama-en-papa-worden\\\/\"},{\"@type\":\"ListItem\",\"position\":3,\"name\":\"Adoptie\",\"item\":\"https:\\\/\\\/www.bornin.brussels\\\/nl\\\/mama-en-papa-worden\\\/adoptie\\\/\"},{\"@type\":\"ListItem\",\"position\":4,\"name\":\"Een kind adopteren: federale en gemeenschapswetgeving\"}]},{\"@type\":\"WebSite\",\"@id\":\"https:\\\/\\\/www.bornin.brussels\\\/#website\",\"url\":\"https:\\\/\\\/www.bornin.brussels\\\/\",\"name\":\"Born in Brussels\",\"description\":\"Info en hulpbronnen rond de geboorte en de vroege kinderjaren\",\"potentialAction\":[{\"@type\":\"SearchAction\",\"target\":{\"@type\":\"EntryPoint\",\"urlTemplate\":\"https:\\\/\\\/www.bornin.brussels\\\/?s={search_term_string}\"},\"query-input\":{\"@type\":\"PropertyValueSpecification\",\"valueRequired\":true,\"valueName\":\"search_term_string\"}}],\"inLanguage\":\"nl-NL\"}]}<\/script>\n<!-- \/ Yoast SEO plugin. -->","yoast_head_json":{"title":"Een kind adopteren: federale en gemeenschapswetgeving - Born in Brussels","description":"In Belgi\u00eb valt adoptie onder de federale bevoegdheid, maar ook onder die van de gemeenschappen: Walloni\u00eb, Brussel, Vlaanderen, Duitstalige Gemeenschap","robots":{"index":"index","follow":"follow","max-snippet":"max-snippet:-1","max-image-preview":"max-image-preview:large","max-video-preview":"max-video-preview:-1"},"canonical":"https:\/\/www.bornin.brussels\/nl\/mama-en-papa-worden\/adoptie\/een-kind-adopteren-federale-en-gemeenschapswetgeving\/","og_locale":"nl_NL","og_type":"article","og_title":"Een kind adopteren: federale en gemeenschapswetgeving - Born in Brussels","og_description":"In Belgi\u00eb valt adoptie onder de federale bevoegdheid, maar ook onder die van de gemeenschappen: Walloni\u00eb, Brussel, Vlaanderen, Duitstalige Gemeenschap","og_url":"https:\/\/www.bornin.brussels\/nl\/mama-en-papa-worden\/adoptie\/een-kind-adopteren-federale-en-gemeenschapswetgeving\/","og_site_name":"Born in Brussels","article_publisher":"https:\/\/www.facebook.com\/bornin.brussels","article_modified_time":"2023-11-17T13:24:20+00:00","og_image":[{"width":200,"height":200,"url":"https:\/\/www.bornin.brussels\/wp-content\/uploads\/2022\/06\/logo_social.png","type":"image\/png"}],"twitter_card":"summary_large_image","twitter_site":"@BorninBrussels","twitter_misc":{"Geschatte leestijd":"2 minuten"},"schema":{"@context":"https:\/\/schema.org","@graph":[{"@type":"WebPage","@id":"https:\/\/www.bornin.brussels\/nl\/mama-en-papa-worden\/adoptie\/een-kind-adopteren-federale-en-gemeenschapswetgeving\/","url":"https:\/\/www.bornin.brussels\/nl\/mama-en-papa-worden\/adoptie\/een-kind-adopteren-federale-en-gemeenschapswetgeving\/","name":"Een kind adopteren: federale en gemeenschapswetgeving - Born in Brussels","isPartOf":{"@id":"https:\/\/www.bornin.brussels\/#website"},"datePublished":"2022-02-25T11:58:46+00:00","dateModified":"2023-11-17T13:24:20+00:00","description":"In Belgi\u00eb valt adoptie onder de federale bevoegdheid, maar ook onder die van de gemeenschappen: Walloni\u00eb, Brussel, Vlaanderen, Duitstalige Gemeenschap","breadcrumb":{"@id":"https:\/\/www.bornin.brussels\/nl\/mama-en-papa-worden\/adoptie\/een-kind-adopteren-federale-en-gemeenschapswetgeving\/#breadcrumb"},"inLanguage":"nl-NL","potentialAction":[{"@type":"ReadAction","target":["https:\/\/www.bornin.brussels\/nl\/mama-en-papa-worden\/adoptie\/een-kind-adopteren-federale-en-gemeenschapswetgeving\/"]}]},{"@type":"BreadcrumbList","@id":"https:\/\/www.bornin.brussels\/nl\/mama-en-papa-worden\/adoptie\/een-kind-adopteren-federale-en-gemeenschapswetgeving\/#breadcrumb","itemListElement":[{"@type":"ListItem","position":1,"name":"Accueil","item":"https:\/\/www.bornin.brussels\/nl\/"},{"@type":"ListItem","position":2,"name":"Mama en papa worden","item":"https:\/\/www.bornin.brussels\/nl\/mama-en-papa-worden\/"},{"@type":"ListItem","position":3,"name":"Adoptie","item":"https:\/\/www.bornin.brussels\/nl\/mama-en-papa-worden\/adoptie\/"},{"@type":"ListItem","position":4,"name":"Een kind adopteren: federale en gemeenschapswetgeving"}]},{"@type":"WebSite","@id":"https:\/\/www.bornin.brussels\/#website","url":"https:\/\/www.bornin.brussels\/","name":"Born in Brussels","description":"Info en hulpbronnen rond de geboorte en de vroege kinderjaren","potentialAction":[{"@type":"SearchAction","target":{"@type":"EntryPoint","urlTemplate":"https:\/\/www.bornin.brussels\/?s={search_term_string}"},"query-input":{"@type":"PropertyValueSpecification","valueRequired":true,"valueName":"search_term_string"}}],"inLanguage":"nl-NL"}]}},"ticketed":false,"_links":{"self":[{"href":"https:\/\/www.bornin.brussels\/nl\/wp-json\/wp\/v2\/pages\/13261","targetHints":{"allow":["GET"]}}],"collection":[{"href":"https:\/\/www.bornin.brussels\/nl\/wp-json\/wp\/v2\/pages"}],"about":[{"href":"https:\/\/www.bornin.brussels\/nl\/wp-json\/wp\/v2\/types\/page"}],"author":[{"embeddable":true,"href":"https:\/\/www.bornin.brussels\/nl\/wp-json\/wp\/v2\/users\/2"}],"replies":[{"embeddable":true,"href":"https:\/\/www.bornin.brussels\/nl\/wp-json\/wp\/v2\/comments?post=13261"}],"version-history":[{"count":5,"href":"https:\/\/www.bornin.brussels\/nl\/wp-json\/wp\/v2\/pages\/13261\/revisions"}],"predecessor-version":[{"id":18613,"href":"https:\/\/www.bornin.brussels\/nl\/wp-json\/wp\/v2\/pages\/13261\/revisions\/18613"}],"up":[{"embeddable":true,"href":"https:\/\/www.bornin.brussels\/nl\/wp-json\/wp\/v2\/pages\/9655"}],"wp:attachment":[{"href":"https:\/\/www.bornin.brussels\/nl\/wp-json\/wp\/v2\/media?parent=13261"}],"curies":[{"name":"wp","href":"https:\/\/api.w.org\/{rel}","templated":true}]}}