{"id":13343,"date":"2022-03-01T16:35:12","date_gmt":"2022-03-01T15:35:12","guid":{"rendered":"https:\/\/clef2webdev.be\/?page_id=13343"},"modified":"2023-11-20T13:51:04","modified_gmt":"2023-11-20T12:51:04","slug":"hormoonontregelaars","status":"publish","type":"page","link":"https:\/\/www.bornin.brussels\/nl\/kinderen-van-0-tot-2-en-een-half-jaar\/babys-peuters-en-hun-omgeving\/hormoonontregelaars\/","title":{"rendered":"Hormoonontregelaars"},"content":{"rendered":"<p><strong>Zwangere vrouwen, baby&#8217;s en jonge kinderen behoren tot de categorie\u00ebn mensen die het kwetsbaarst zijn voor de effecten van hormoonontregelaars. En eerlijk gezegd, die zijn overal: voedsel, zuigflessen, kleren, speelgoed, muurbekleding, fopspenen, luiers, aankleedkussen, cosmetica, keukengerei, enz. Helaas is de internationale regelgeving nog niet streng genoeg met betrekking tot de aanwezigheid van deze chemische stoffen in de producten, die wij dagelijks gebruiken. Maar geen paniek, hier lees je alles wat je moet weten om je ertegen te beschermen.<\/strong><\/p>\n<div class=\"red-list\">\n<ul>\n<li><a href=\"#ho\">Hormoonontregelaars?<\/a><\/li>\n<li><a href=\"#cori\">Wat is het gezondheidsrisico?<\/a><\/li>\n<li><a href=\"#wazi\">Waar zijn ze te vinden?<\/a><\/li>\n<li><a href=\"#blo\">Beperking van de blootstelling aan hormoonontregelaars voor, tijdens en na de zwangerschap<\/a><\/li>\n<\/ul>\n<\/div>\n<h2><a id=\"ho\"><\/a>Hormoonontregelaars?<\/h2>\n<p>Je hebt waarschijnlijk al veel gehoord over hormoonontregelaars. Maar wat zijn dat precies?<\/p>\n<p>Het zijn moleculen die de werking van een hormoon nabootsen, blokkeren of wijzigen en de normale werking van het lichaam verstoren.<\/p>\n<h2><a id=\"cori\"><\/a>Wat is het gezondheidsrisico?<\/h2>\n<p>Zelfs in zeer lage doses kunnen deze chemische stoffen, alleen of in combinatie, schadelijke gevolgen hebben, net zoals natuurlijke hormonen. Sommige moleculen hebben snel een effect op blootgestelde personen en andere kunnen van generatie op generatie worden doorgegeven. Bepaalde moleculen kunnen het metabolisme veranderen, zowel van de foetus als van zijn nakomelingen. Andere werken haast ongemerkt, zodat we voorzichtigheid aan de dag moeten leggen, tot een offici\u00eble waarschuwing wordt gegeven. Dit is bijvoorbeeld het geval met bisfenol A. De stoffen kunnen gevolgen hebben op korte, middellange of lange termijn: mannelijke geslachtsorganen, het ontstaan van zwaarlijvigheid, de ontwikkeling van autistische trekken, vroegtijdige puberteit, vruchtbaarheidsproblemen, hormoonafhankelijke kankers, enz.<\/p>\n<h2><a id=\"wazi\"><\/a>Waar zijn ze te vinden?<\/h2>\n<p>In de lucht, het water, cosmetica, voedsel, speelgoed, kleding, muurverf, plastic babyflesjes, pesticiden, antibacteri\u00eble middelen, insecticiden, geneesmiddelen, keukengerei&#8230; De lijst is lang en het is dan ook moeilijk om je goed te beschermen. Gelukkig kunnen we paar voorzorgsmaatregelen nemen.<\/p>\n<h2><a id=\"bloo\"><\/a>Beperking van de blootstelling aan hormoonontregelaars voor, tijdens en na de zwangerschap<\/h2>\n<p>Het is niet mogelijk alle risico&#8217;s te vermijden, aangezien we deze chemische stoffen in veel producten aantreffen, maar enige voorzorgsmaatregelen en basiskennis kunnen nuttig zijn voor je keuzes maakt en aankopen doet.<\/p>\n<h3>Hygi\u00ebne- en verzorgingsproducten<\/h3>\n<p>In het algemeen geldt: minder is meer. Maar koop je cosmetica, zoek dan naar producten met een ecolabel of met weinig ingredi\u00ebnten. Sommige huidverzorgingsproducten kan je zelf maken.<\/p>\n<h3>Bad<\/h3>\n<ul>\n<li>Kies voor zo natuurlijk mogelijk badwater, zonder cosmetica met parfums en bewaarmiddelen.<\/li>\n<li>Vermijd lotions na het baden.<\/li>\n<\/ul>\n<h3>De baby verschonen<\/h3>\n<ul>\n<li>Gebruik water, zuivere bodymilk (een natuurlijk product op basis van 50% olijfolie en 50% kalkwater) die gebruikt worden om de babybilletjes schoon te maken en verkrijgbaar zijn in apotheken, biologische winkels, enz. (of zelf gemaakt en bewaard in een glazen fles), stoffen of niet-toxische luiers (met ecolabel), wasbare luiers of niet-giftige luiers (met milieukeurmerk).<\/li>\n<li>Gebruik water met een washandje in plaats van doekjes.<\/li>\n<\/ul>\n<h3>Preventie en voeding<\/h3>\n<ul>\n<li>In het algemeen zijn bio-voedingsproducten aan te bevelen, ook al zijn ze niet perfect. Ze bevatten minder resten van pesticiden.<\/li>\n<li>Geef de voorkeur aan biologisch voedsel in verschillende vormen: vers, in glazen potten, bevroren.<\/li>\n<li>Kook in inerte materialen: glas, steengoed, terracotta, keramiek, ge\u00ebmailleerd gietijzer, roestvrij staal, koffiepers.<\/li>\n<li>Gebruik bij voorkeur servies van glas, aardewerk of porselein.<\/li>\n<li>Gebruik glazen flessen en vervang de spenen om de 2 maanden, zelfs als ze nog in goede staat zijn, en controleer ze elke dag op beschadigingen. Geef de voorkeur aan een siliconenspeen of -zuigspeen, die stabieler is en minder snel veroudert, of aan een gecertificeerde natuurrubberspeen.<\/li>\n<\/ul>\n<p><strong>\u00a0Vermijd<\/strong><\/p>\n<ul>\n<li><span style=\"font-size: 1rem;\">metalen blikken, Teflon\u00ae potten en pannen,<\/span><\/li>\n<li>de verschillende vormen van plastic recipi\u00ebnten: bakjes voor levensmiddelen die in de microgolfoven moeten worden verwarmd, waterkokers en koffiezetapparaten met plastic recipi\u00ebnten of toebehoren, flessen (vooral wanneer ze aan hitte worden blootgesteld),<\/li>\n<li>producten die op de verpakking vermelden: parabenen, cyclopentasiloxane, benzofenon, synthetische parfums of geurstoffen.<\/li>\n<\/ul>\n<h3>Speelgoed, schoenen en kleding<\/h3>\n<ul>\n<li>Vermijd zoveel mogelijk plasticmaterialen zoals PVC of EVA, en geparfumeerd speelgoed.<\/li>\n<li>Wil je nieuw speelgoed kopen, kies dan speelgoed van gezonde en natuurlijke materialen, zoals hout (FSC- of PEFC-gecertificeerd). Voor speelmatten en knuffels: biologisch katoen. Als je speelgoed van natuurlijk rubber koopt (bijtring, drijvend eendje, enz.), controleer dan of het vrij is van BPA (Bisfenol A), ftalaten, nitrosamine en gemaakt is van 100% natuurlijk rubber.<\/li>\n<li>Haal speelgoed enkele dagen voordat je het aan je baby geeft uit de verpakking en was het.<\/li>\n<li>Koop je nieuwe kleding, was ze dan en geef de voorkeur aan kleding van natuurlijke vezels zoals katoen, wol, linnen (gemengd zodat het niet te stijf is). Zelfs tweedehands en zorgvuldig gewassen kleding is beter dan veel synthetisch textiel. Er zijn collecties met een milieukeurmerk (GOTS Global Organic Textile Standard) die weinig giftige stoffen bevatten en minder belastend zijn voor het milieu.<\/li>\n<li>Schoenen worden het best nieuw gekocht voor een jong kind dat begint te staan en zijn of haar eerste stapjes zet. Kies in de zomer voor natuurlijke materialen zoals leer of katoen. Kinderschoenen zijn ook verkrijgbaar in versies met ecolabel.<\/li>\n<\/ul>\n<h3>Onderhoud en reiniging<\/h3>\n<p>Geef de voorkeur aan producten met een milieukeurmerk of maak ze zelf met alcoholazijn, marseillezeep, zuiveringszout en natuurlijke parfums zoals bepaalde essenti\u00eble oli\u00ebn. Vraag vooraf aan je apotheker welke oli\u00ebn je veilig kunt gebruiken en in welke hoeveelheden.<\/p>\n<p>Je kunt bijvoorbeeld je eigen product maken voor het reinigen van betegelde oppervlakken, vloeren, gootstenen, melamine-oppervlakken (keukenmeubelbekledingen), enz. Bus van \u00e9\u00e9n liter: giet er \u00e9\u00e9n eetlepel zuiveringszout in, \u00e9\u00e9n eetlepel witte azijn en voeg \u00e9\u00e9n eetlepel etherische olie naar keuze toe, zoals geadviseerd door je apotheker. Voeg vervolgens een liter heet water toe om ervoor te zorgen dat de elementen oplossen. Dan sluiten en mengen.<\/p>\n","protected":false},"excerpt":{"rendered":"<p>Zwangere vrouwen, baby&#8217;s en jonge kinderen behoren tot de categorie\u00ebn mensen die het kwetsbaarst zijn voor de effecten van hormoonontregelaars. En eerlijk gezegd, die zijn overal: voedsel, zuigflessen, kleren, speelgoed, [&hellip;]<\/p>\n","protected":false},"author":2,"featured_media":0,"parent":9771,"menu_order":0,"comment_status":"closed","ping_status":"closed","template":"","meta":{"_acf_changed":false,"_price":"","_stock":"","_tribe_ticket_header":"","_tribe_default_ticket_provider":"","_tribe_ticket_capacity":"0","_ticket_start_date":"","_ticket_end_date":"","_tribe_ticket_show_description":"","_tribe_ticket_show_not_going":false,"_tribe_ticket_use_global_stock":"","_tribe_ticket_global_stock_level":"","_global_stock_mode":"","_global_stock_cap":"","_tribe_rsvp_for_event":"","_tribe_ticket_going_count":"","_tribe_ticket_not_going_count":"","_tribe_tickets_list":"[]","_tribe_ticket_has_attendee_info_fields":false,"footnotes":"","_tec_slr_enabled":"","_tec_slr_layout":""},"class_list":["post-13343","page","type-page","status-publish","hentry"],"acf":[],"yoast_head":"<!-- This site is optimized with the Yoast SEO plugin v27.5 - https:\/\/yoast.com\/product\/yoast-seo-wordpress\/ -->\n<title>Hormoonontregelaars - Born in Brussels<\/title>\n<meta name=\"description\" content=\"Zwangere vrouwen, baby&#039;s en jonge kinderen behoren tot de categorie\u00ebn mensen die het kwetsbaarst zijn voor de effecten van hormoonontregelaars.\" \/>\n<meta name=\"robots\" content=\"index, follow, max-snippet:-1, max-image-preview:large, max-video-preview:-1\" \/>\n<link rel=\"canonical\" href=\"https:\/\/www.bornin.brussels\/nl\/kinderen-van-0-tot-2-en-een-half-jaar\/babys-peuters-en-hun-omgeving\/hormoonontregelaars\/\" \/>\n<meta property=\"og:locale\" content=\"nl_NL\" \/>\n<meta property=\"og:type\" content=\"article\" \/>\n<meta property=\"og:title\" content=\"Hormoonontregelaars - Born in Brussels\" \/>\n<meta property=\"og:description\" content=\"Zwangere vrouwen, baby&#039;s en jonge kinderen behoren tot de categorie\u00ebn mensen die het kwetsbaarst zijn voor de effecten van hormoonontregelaars.\" \/>\n<meta property=\"og:url\" content=\"https:\/\/www.bornin.brussels\/nl\/kinderen-van-0-tot-2-en-een-half-jaar\/babys-peuters-en-hun-omgeving\/hormoonontregelaars\/\" \/>\n<meta property=\"og:site_name\" content=\"Born in Brussels\" \/>\n<meta property=\"article:publisher\" content=\"https:\/\/www.facebook.com\/bornin.brussels\" \/>\n<meta property=\"article:modified_time\" content=\"2023-11-20T12:51:04+00:00\" \/>\n<meta property=\"og:image\" content=\"https:\/\/www.bornin.brussels\/wp-content\/uploads\/2022\/06\/logo_social.png\" \/>\n\t<meta property=\"og:image:width\" content=\"200\" \/>\n\t<meta property=\"og:image:height\" content=\"200\" \/>\n\t<meta property=\"og:image:type\" content=\"image\/png\" \/>\n<meta name=\"twitter:card\" content=\"summary_large_image\" \/>\n<meta name=\"twitter:site\" content=\"@BorninBrussels\" \/>\n<meta name=\"twitter:label1\" content=\"Geschatte leestijd\" \/>\n\t<meta name=\"twitter:data1\" content=\"5 minuten\" \/>\n<script type=\"application\/ld+json\" class=\"yoast-schema-graph\">{\"@context\":\"https:\\\/\\\/schema.org\",\"@graph\":[{\"@type\":\"WebPage\",\"@id\":\"https:\\\/\\\/www.bornin.brussels\\\/nl\\\/kinderen-van-0-tot-2-en-een-half-jaar\\\/babys-peuters-en-hun-omgeving\\\/hormoonontregelaars\\\/\",\"url\":\"https:\\\/\\\/www.bornin.brussels\\\/nl\\\/kinderen-van-0-tot-2-en-een-half-jaar\\\/babys-peuters-en-hun-omgeving\\\/hormoonontregelaars\\\/\",\"name\":\"Hormoonontregelaars - Born in Brussels\",\"isPartOf\":{\"@id\":\"https:\\\/\\\/www.bornin.brussels\\\/#website\"},\"datePublished\":\"2022-03-01T15:35:12+00:00\",\"dateModified\":\"2023-11-20T12:51:04+00:00\",\"description\":\"Zwangere vrouwen, baby's en jonge kinderen behoren tot de categorie\u00ebn mensen die het kwetsbaarst zijn voor de effecten van hormoonontregelaars.\",\"breadcrumb\":{\"@id\":\"https:\\\/\\\/www.bornin.brussels\\\/nl\\\/kinderen-van-0-tot-2-en-een-half-jaar\\\/babys-peuters-en-hun-omgeving\\\/hormoonontregelaars\\\/#breadcrumb\"},\"inLanguage\":\"nl-NL\",\"potentialAction\":[{\"@type\":\"ReadAction\",\"target\":[\"https:\\\/\\\/www.bornin.brussels\\\/nl\\\/kinderen-van-0-tot-2-en-een-half-jaar\\\/babys-peuters-en-hun-omgeving\\\/hormoonontregelaars\\\/\"]}]},{\"@type\":\"BreadcrumbList\",\"@id\":\"https:\\\/\\\/www.bornin.brussels\\\/nl\\\/kinderen-van-0-tot-2-en-een-half-jaar\\\/babys-peuters-en-hun-omgeving\\\/hormoonontregelaars\\\/#breadcrumb\",\"itemListElement\":[{\"@type\":\"ListItem\",\"position\":1,\"name\":\"Accueil\",\"item\":\"https:\\\/\\\/www.bornin.brussels\\\/nl\\\/\"},{\"@type\":\"ListItem\",\"position\":2,\"name\":\"Kinderen van 0 tot 2,5 jaar\",\"item\":\"https:\\\/\\\/www.bornin.brussels\\\/nl\\\/kinderen-van-0-tot-2-en-een-half-jaar\\\/\"},{\"@type\":\"ListItem\",\"position\":3,\"name\":\"Baby\u2019s, peuters en hun omgeving\",\"item\":\"https:\\\/\\\/www.bornin.brussels\\\/nl\\\/kinderen-van-0-tot-2-en-een-half-jaar\\\/babys-peuters-en-hun-omgeving\\\/\"},{\"@type\":\"ListItem\",\"position\":4,\"name\":\"Hormoonontregelaars\"}]},{\"@type\":\"WebSite\",\"@id\":\"https:\\\/\\\/www.bornin.brussels\\\/#website\",\"url\":\"https:\\\/\\\/www.bornin.brussels\\\/\",\"name\":\"Born in Brussels\",\"description\":\"Info en hulpbronnen rond de geboorte en de vroege kinderjaren\",\"potentialAction\":[{\"@type\":\"SearchAction\",\"target\":{\"@type\":\"EntryPoint\",\"urlTemplate\":\"https:\\\/\\\/www.bornin.brussels\\\/?s={search_term_string}\"},\"query-input\":{\"@type\":\"PropertyValueSpecification\",\"valueRequired\":true,\"valueName\":\"search_term_string\"}}],\"inLanguage\":\"nl-NL\"}]}<\/script>\n<!-- \/ Yoast SEO plugin. -->","yoast_head_json":{"title":"Hormoonontregelaars - Born in Brussels","description":"Zwangere vrouwen, baby's en jonge kinderen behoren tot de categorie\u00ebn mensen die het kwetsbaarst zijn voor de effecten van hormoonontregelaars.","robots":{"index":"index","follow":"follow","max-snippet":"max-snippet:-1","max-image-preview":"max-image-preview:large","max-video-preview":"max-video-preview:-1"},"canonical":"https:\/\/www.bornin.brussels\/nl\/kinderen-van-0-tot-2-en-een-half-jaar\/babys-peuters-en-hun-omgeving\/hormoonontregelaars\/","og_locale":"nl_NL","og_type":"article","og_title":"Hormoonontregelaars - Born in Brussels","og_description":"Zwangere vrouwen, baby's en jonge kinderen behoren tot de categorie\u00ebn mensen die het kwetsbaarst zijn voor de effecten van hormoonontregelaars.","og_url":"https:\/\/www.bornin.brussels\/nl\/kinderen-van-0-tot-2-en-een-half-jaar\/babys-peuters-en-hun-omgeving\/hormoonontregelaars\/","og_site_name":"Born in Brussels","article_publisher":"https:\/\/www.facebook.com\/bornin.brussels","article_modified_time":"2023-11-20T12:51:04+00:00","og_image":[{"width":200,"height":200,"url":"https:\/\/www.bornin.brussels\/wp-content\/uploads\/2022\/06\/logo_social.png","type":"image\/png"}],"twitter_card":"summary_large_image","twitter_site":"@BorninBrussels","twitter_misc":{"Geschatte leestijd":"5 minuten"},"schema":{"@context":"https:\/\/schema.org","@graph":[{"@type":"WebPage","@id":"https:\/\/www.bornin.brussels\/nl\/kinderen-van-0-tot-2-en-een-half-jaar\/babys-peuters-en-hun-omgeving\/hormoonontregelaars\/","url":"https:\/\/www.bornin.brussels\/nl\/kinderen-van-0-tot-2-en-een-half-jaar\/babys-peuters-en-hun-omgeving\/hormoonontregelaars\/","name":"Hormoonontregelaars - Born in Brussels","isPartOf":{"@id":"https:\/\/www.bornin.brussels\/#website"},"datePublished":"2022-03-01T15:35:12+00:00","dateModified":"2023-11-20T12:51:04+00:00","description":"Zwangere vrouwen, baby's en jonge kinderen behoren tot de categorie\u00ebn mensen die het kwetsbaarst zijn voor de effecten van hormoonontregelaars.","breadcrumb":{"@id":"https:\/\/www.bornin.brussels\/nl\/kinderen-van-0-tot-2-en-een-half-jaar\/babys-peuters-en-hun-omgeving\/hormoonontregelaars\/#breadcrumb"},"inLanguage":"nl-NL","potentialAction":[{"@type":"ReadAction","target":["https:\/\/www.bornin.brussels\/nl\/kinderen-van-0-tot-2-en-een-half-jaar\/babys-peuters-en-hun-omgeving\/hormoonontregelaars\/"]}]},{"@type":"BreadcrumbList","@id":"https:\/\/www.bornin.brussels\/nl\/kinderen-van-0-tot-2-en-een-half-jaar\/babys-peuters-en-hun-omgeving\/hormoonontregelaars\/#breadcrumb","itemListElement":[{"@type":"ListItem","position":1,"name":"Accueil","item":"https:\/\/www.bornin.brussels\/nl\/"},{"@type":"ListItem","position":2,"name":"Kinderen van 0 tot 2,5 jaar","item":"https:\/\/www.bornin.brussels\/nl\/kinderen-van-0-tot-2-en-een-half-jaar\/"},{"@type":"ListItem","position":3,"name":"Baby\u2019s, peuters en hun omgeving","item":"https:\/\/www.bornin.brussels\/nl\/kinderen-van-0-tot-2-en-een-half-jaar\/babys-peuters-en-hun-omgeving\/"},{"@type":"ListItem","position":4,"name":"Hormoonontregelaars"}]},{"@type":"WebSite","@id":"https:\/\/www.bornin.brussels\/#website","url":"https:\/\/www.bornin.brussels\/","name":"Born in Brussels","description":"Info en hulpbronnen rond de geboorte en de vroege kinderjaren","potentialAction":[{"@type":"SearchAction","target":{"@type":"EntryPoint","urlTemplate":"https:\/\/www.bornin.brussels\/?s={search_term_string}"},"query-input":{"@type":"PropertyValueSpecification","valueRequired":true,"valueName":"search_term_string"}}],"inLanguage":"nl-NL"}]}},"ticketed":false,"_links":{"self":[{"href":"https:\/\/www.bornin.brussels\/nl\/wp-json\/wp\/v2\/pages\/13343","targetHints":{"allow":["GET"]}}],"collection":[{"href":"https:\/\/www.bornin.brussels\/nl\/wp-json\/wp\/v2\/pages"}],"about":[{"href":"https:\/\/www.bornin.brussels\/nl\/wp-json\/wp\/v2\/types\/page"}],"author":[{"embeddable":true,"href":"https:\/\/www.bornin.brussels\/nl\/wp-json\/wp\/v2\/users\/2"}],"replies":[{"embeddable":true,"href":"https:\/\/www.bornin.brussels\/nl\/wp-json\/wp\/v2\/comments?post=13343"}],"version-history":[{"count":2,"href":"https:\/\/www.bornin.brussels\/nl\/wp-json\/wp\/v2\/pages\/13343\/revisions"}],"predecessor-version":[{"id":18929,"href":"https:\/\/www.bornin.brussels\/nl\/wp-json\/wp\/v2\/pages\/13343\/revisions\/18929"}],"up":[{"embeddable":true,"href":"https:\/\/www.bornin.brussels\/nl\/wp-json\/wp\/v2\/pages\/9771"}],"wp:attachment":[{"href":"https:\/\/www.bornin.brussels\/nl\/wp-json\/wp\/v2\/media?parent=13343"}],"curies":[{"name":"wp","href":"https:\/\/api.w.org\/{rel}","templated":true}]}}