{"id":34449,"date":"2025-01-02T17:34:46","date_gmt":"2025-01-02T16:34:46","guid":{"rendered":"https:\/\/www.bornin.brussels\/?page_id=34449"},"modified":"2025-03-19T11:58:39","modified_gmt":"2025-03-19T10:58:39","slug":"moeilijkheden-met-mijn-baby","status":"publish","type":"page","link":"https:\/\/www.bornin.brussels\/nl\/mama-en-papa-worden\/perinatale-geestelijke-gezondheid\/moeilijkheden-met-mijn-baby\/","title":{"rendered":"Moeilijkheden met mijn baby"},"content":{"rendered":"<p><strong>Je hebt je baby negen maanden in je buik gedragen en toch vind je dat jullie band complex is, niet zoals je verwacht had. Je voelt je slecht en schuldig. Misschien lijkt je kind wel een vreemde wanneer je het verzorgt. Een gevoel van leegte, twijfel. Weet dat je niet de enige bent. Veel mama&#8217;s worden geconfronteerd met tegenstrijdige gevoelens na de geboorte, soms zelfs angst of wanhoop. <\/strong><\/p>\n<div class=\"blue-list\">\n<ul>\n<li><a href=\"#enkele\">Enkele artikelen om je te helpen<\/a><\/li>\n<li><a href=\"#ouder\">Ouder-babyunit<\/a><\/li>\n<li><a href=\"#als\">Als een kind te vroeg geboren word<\/a><\/li>\n<li><a href=\"#waneer\">Waneer jonge ouders uit elkaar gaan of scheiden<\/a><\/li>\n<\/ul>\n<\/div>\n<p>&nbsp;<\/p>\n<h2><strong><a id=\"enkele\"><\/a>Enkele artikelen om je te helpen<\/strong><\/h2>\n<div class=\"red-list\">\n<ul>\n<li><a href=\"https:\/\/www.bornin.brussels\/nl\/mama-en-papa-worden\/ik-bouw-een-band-op-met-mijn-baby\/ik-ben-moeder-en-ik-geniet-niet-van-mijn-baby\/\">Ik ben moeder en ik geniet niet van mijn baby<\/a><\/li>\n<li><a href=\"https:\/\/www.bornin.brussels\/nl\/mama-en-papa-worden\/ik-bouw-een-band-op-met-mijn-baby\/mijn-partner-geniet-niet-van-ons-kind\/\">Mijn partner geniet niet van ons kind<\/a><\/li>\n<li><a href=\"https:\/\/www.bornin.brussels\/nl\/zwangerschap-respectvolle-geboorte\/na-de-bevalling\/babyblues-en-post-partumdepressie\/\">Babyblues en post-partumdepressie<\/a><\/li>\n<li><a href=\"https:\/\/www.bornin.brussels\/nl\/mama-en-papa-worden\/ik-bouw-een-band-op-met-mijn-baby\/hoe-bevorder-je-de-hechting-met-je-kind\/\">Hoe bevorder je de hechting met je kind?<\/a><\/li>\n<li><a href=\"https:\/\/www.bornin.brussels\/nl\/mama-en-papa-worden\/het-ouderschap-is-soms-zwaar\/mijn-kind-uit-zijn-onbehagen-of-vertoont-agressief-gedrag\/\">Mijn kind uit zijn onbehagen of vertoont agressief gedrag<\/a><\/li>\n<li><a href=\"https:\/\/www.bornin.brussels\/nl\/nieuws\/getuigenis-van-een-vermoeide-jonge-moeder-ik-heb-een-slaapcoach-ingeschakeld\/\">Getuigenis van een mama &#8220;Post-partumdepressie&#8221;<\/a><\/li>\n<\/ul>\n<\/div>\n<h2><a id=\"ouder\"><\/a>Ouder-babyunit<\/h2>\n<p><strong>In een ouder-babyunit kan een baby samen met zijn mama of papa verblijven, zodat ze niet van elkaar gescheiden worden. Zo kan de ouder de juiste hulp en zorg krijgen terwijl de band tussen ouder en kind wordt opgebouwd. Het zorgteam doet er alles aan om de vaardigheden van de ouders te verbeteren en hen te ondersteunen bij de dagelijkse verzorging van hun baby. De unit kan ook therapeutische opvang organiseren voor het gezin en werkt samen met het zorgnetwerk van het gezin.<\/strong><\/p>\n<p>De teams zijn multidisciplinair: psychiater, psycholoog, verpleegkundige, psychomotorisch therapeut, kinesist, ergotherapeut, maatschappelijk assistent, enz.<\/p>\n<ul>\n<li><strong>Kliniek Sint-Jan &#8211; Ouder-babyunit <\/strong>(dag\/nacht): vijf gezinnen kunnen hier tegelijkertijd begeleid worden en een multidisciplinair team biedt individuele en collectieve therapeutische zorg aan. Er wordt gewerkt rond het psychische en psychologische leed van de ouder, terwijl er rekening wordt gehouden met het welzijn van de pasgeboren baby. Op die manier kan voorkomen worden dat op middellange of lange termijn psychomotorische ontwikkelingsproblemen ontstaan.<\/li>\n<li><a href=\"https:\/\/www.clstjean.be\/system\/files\/2024-12\/flyeruniteparent-bebe_nl.pdf\"><em>(Ouder-babyunit)<\/em><\/a><\/li>\n<li><strong><a href=\"https:\/\/www.huderf.be\/nl\/diensten\/kinderpsychiatrie\">Kinderziekenhuis Koningin Fabiola<\/a><\/strong> &#8211; Ouder-babyunit: dagcentrum voor pasgeborenen en zuigelingen tot 2,5 jaar en hun ouders die problemen ondervinden met de vroege hechting. Dat kan met name het gevolg zijn van ontwikkelings-, voedings- of slaapproblemen bij het kind.<\/li>\n<li><a href=\"https:\/\/www.epsylon.be\/index.php?option=com_content&amp;view=article&amp;id=131&amp;Itemid=110\"><strong>Clinique La Ram\u00e9e &#8211; Epsylon &#8211; Moeder-babyunit<\/strong><\/a> verwelkomt zwangere vrouwen en moeders met hun baby van 0 tot 1 jaar oud.<\/li>\n<li><strong><a href=\"https:\/\/www.apsyucl.be\/entites\/la-lice-asbl\">La Lice<\/a><\/strong>: ambulante zorgunit voor problemen in de vroege relatie tussen jonge kinderen en hun ouders. Het kind moet tussen 0 en 3 jaar oud zijn op het moment van de opname. De zorg kan maximaal 3 jaar duren.<\/li>\n<\/ul>\n<p>Deze specifieke structuur voor geestelijke gezondheidszorg gerelateerd aan jonge kinderen situeert zich tussen de traditionele ambulante behandeling en de daghospitalisatie kinderpsychiatrie. Een multidisciplinair team verstrekt zorg die meer of minder intensief kan zijn, afhankelijk van de behoeften.<\/p>\n<h3><strong>Lees de artikelen:\u00a0<\/strong><\/h3>\n<div class=\"red-list\">\n<ul>\n<li><a href=\"https:\/\/www.bornin.brussels\/nl\/nieuws\/geestelijke-gezondheid-nieuwe-ouder-baby-units-in-twee-brusselse-ziekenhuizen\/\">Geestelijke gezondheid: nieuwe ouder-baby-units in twee Brusselse ziekenhuizen<\/a><\/li>\n<li><a href=\"https:\/\/www.bornin.brussels\/nl\/nieuws\/unite-parents-bebe-de-la-clinique-saint-jean-une-aide-precieuse\/%20\">Ouder-babyunit van Kliniek Sint-Jan biedt geestelijke gezondheidszorg na de bevalling<\/a><\/li>\n<\/ul>\n<\/div>\n<h2><a id=\"als\"><\/a>Als een kind te vroeg geboren wordt<\/h2>\n<p>Verliep de bevalling niet zoals je gedroomd had? Misschien voel je je verdrietig, angstig of zelfs depressief. De psychologen van de dienst staan klaar om naar je te luisteren, je te steunen en begeleiden zolang dat nodig is. Ook de vader, de co-ouder en je kinderen kunnen psychologische ondersteuning krijgen. Zo nodig zal het ziekenhuisteam je doorverwijzen naar een professional uit de geestelijke gezondheidszorg die je kan helpen om deze moeilijke periode door te komen.<\/p>\n<h3><strong>Lees het artikel: <\/strong><\/h3>\n<ul>\n<li><a href=\"https:\/\/www.bornin.brussels\/nl\/zwangerschap-respectvolle-geboorte\/het-moment-van-de-bevalling\/mijn-kind-is-te-vroeg-geboren\/\">Mijn kind is te vroeg geboren<\/a><\/li>\n<\/ul>\n<p>Caroline Fontenoy is een mama die haar moeilijke ervaring met vroeggeboorte wou delen. Haar verhaal steekt alle ouders die dit meemaken een hart onder de riem.<\/p>\n<h3><strong>Lees de artikelen;<\/strong><\/h3>\n<div class=\"red-list\">\n<ul>\n<li><a href=\"https:\/\/www.bornin.brussels\/actualites\/la-peur-au-ventre-puissant-temoignage-sur-la-prematurite\/\">\u00ab\u00a0La peur au ventre\u00a0\u00bb : puissant t\u00e9moignage sur la pr\u00e9maturit\u00e9<\/a> <em>(artikel in het Frans)<\/em><\/li>\n<li><a href=\"https:\/\/www.hospichild.be\/nl\/prematuriteit-het-gratis-hulpplatform-prematel-ziet-het-licht\/\">Prematuriteit: het gratis hulpplatform &#8220;Prematel&#8221; ziet het licht<\/a><\/li>\n<\/ul>\n<\/div>\n<h2><a id=\"waneer\"><\/a>Wanneer jonge ouders uit elkaar gaan of scheiden<\/h2>\n<p>Soms veroorzaakt of versterkt de komst van een baby conflicten binnen een koppel, tot het punt waarop een scheiding onvermijdelijk wordt. Je kunt je kwetsbaar, zwak, moe, verdrietig of angstig voelen, maar je kunt ook overweldigd worden door de praktische gevolgen en de mogelijke materi\u00eble problemen die daaruit voortvloeien. Psychologische begeleiding kan belangrijk zijn om de emoties te verwerken die een scheiding met zich meebrengt. Aarzel niet om met een professional uit de geestelijke gezondheidszorg te praten.<\/p>\n<h3><strong>Lees het artikel:<\/strong><\/h3>\n<ul>\n<li><a href=\"https:\/\/www.bornin.brussels\/nl\/mama-en-papa-worden\/het-ouderschap-is-soms-zwaar\/scheiding-echtscheiding-en-baby\/\">Scheiding, echtscheiding en baby<\/a><\/li>\n<\/ul>\n<p>&nbsp;<\/p>\n","protected":false},"excerpt":{"rendered":"<p>Je hebt je baby negen maanden in je buik gedragen en toch vind je dat jullie band complex is, niet zoals je verwacht had. Je voelt je slecht en schuldig. [&hellip;]<\/p>\n","protected":false},"author":2,"featured_media":0,"parent":29127,"menu_order":4,"comment_status":"closed","ping_status":"closed","template":"page-templates\/page-simple.php","meta":{"_acf_changed":false,"_price":"","_stock":"","_tribe_ticket_header":"","_tribe_default_ticket_provider":"","_tribe_ticket_capacity":"0","_ticket_start_date":"","_ticket_end_date":"","_tribe_ticket_show_description":"","_tribe_ticket_show_not_going":false,"_tribe_ticket_use_global_stock":"","_tribe_ticket_global_stock_level":"","_global_stock_mode":"","_global_stock_cap":"","_tribe_rsvp_for_event":"","_tribe_ticket_going_count":"","_tribe_ticket_not_going_count":"","_tribe_tickets_list":"[]","_tribe_ticket_has_attendee_info_fields":false,"footnotes":"","_tec_slr_enabled":"","_tec_slr_layout":""},"class_list":["post-34449","page","type-page","status-publish","hentry"],"acf":[],"yoast_head":"<!-- This site is optimized with the Yoast SEO plugin v27.5 - https:\/\/yoast.com\/product\/yoast-seo-wordpress\/ -->\n<title>Moeilijkheden met mijn baby - Born in Brussels<\/title>\n<meta name=\"description\" content=\"Je hebt je baby negen maanden in je buik gedragen en toch vind je dat jullie band complex is, niet zoals je verwacht had.\" \/>\n<meta name=\"robots\" content=\"index, follow, max-snippet:-1, max-image-preview:large, max-video-preview:-1\" \/>\n<link rel=\"canonical\" href=\"https:\/\/www.bornin.brussels\/nl\/mama-en-papa-worden\/perinatale-geestelijke-gezondheid\/moeilijkheden-met-mijn-baby\/\" \/>\n<meta property=\"og:locale\" content=\"nl_NL\" \/>\n<meta property=\"og:type\" content=\"article\" \/>\n<meta property=\"og:title\" content=\"Moeilijkheden met mijn baby - Born in Brussels\" \/>\n<meta property=\"og:description\" content=\"Je hebt je baby negen maanden in je buik gedragen en toch vind je dat jullie band complex is, niet zoals je verwacht had.\" \/>\n<meta property=\"og:url\" content=\"https:\/\/www.bornin.brussels\/nl\/mama-en-papa-worden\/perinatale-geestelijke-gezondheid\/moeilijkheden-met-mijn-baby\/\" \/>\n<meta property=\"og:site_name\" content=\"Born in Brussels\" \/>\n<meta property=\"article:publisher\" content=\"https:\/\/www.facebook.com\/bornin.brussels\" \/>\n<meta property=\"article:modified_time\" content=\"2025-03-19T10:58:39+00:00\" \/>\n<meta property=\"og:image\" content=\"https:\/\/www.bornin.brussels\/wp-content\/uploads\/2022\/06\/logo_social.png\" \/>\n\t<meta property=\"og:image:width\" content=\"200\" \/>\n\t<meta property=\"og:image:height\" content=\"200\" \/>\n\t<meta property=\"og:image:type\" content=\"image\/png\" \/>\n<meta name=\"twitter:card\" content=\"summary_large_image\" \/>\n<meta name=\"twitter:site\" content=\"@BorninBrussels\" \/>\n<meta name=\"twitter:label1\" content=\"Geschatte leestijd\" \/>\n\t<meta name=\"twitter:data1\" content=\"3 minuten\" \/>\n<script type=\"application\/ld+json\" class=\"yoast-schema-graph\">{\"@context\":\"https:\\\/\\\/schema.org\",\"@graph\":[{\"@type\":\"WebPage\",\"@id\":\"https:\\\/\\\/www.bornin.brussels\\\/nl\\\/mama-en-papa-worden\\\/perinatale-geestelijke-gezondheid\\\/moeilijkheden-met-mijn-baby\\\/\",\"url\":\"https:\\\/\\\/www.bornin.brussels\\\/nl\\\/mama-en-papa-worden\\\/perinatale-geestelijke-gezondheid\\\/moeilijkheden-met-mijn-baby\\\/\",\"name\":\"Moeilijkheden met mijn baby - Born in Brussels\",\"isPartOf\":{\"@id\":\"https:\\\/\\\/www.bornin.brussels\\\/#website\"},\"datePublished\":\"2025-01-02T16:34:46+00:00\",\"dateModified\":\"2025-03-19T10:58:39+00:00\",\"description\":\"Je hebt je baby negen maanden in je buik gedragen en toch vind je dat jullie band complex is, niet zoals je verwacht had.\",\"breadcrumb\":{\"@id\":\"https:\\\/\\\/www.bornin.brussels\\\/nl\\\/mama-en-papa-worden\\\/perinatale-geestelijke-gezondheid\\\/moeilijkheden-met-mijn-baby\\\/#breadcrumb\"},\"inLanguage\":\"nl-NL\",\"potentialAction\":[{\"@type\":\"ReadAction\",\"target\":[\"https:\\\/\\\/www.bornin.brussels\\\/nl\\\/mama-en-papa-worden\\\/perinatale-geestelijke-gezondheid\\\/moeilijkheden-met-mijn-baby\\\/\"]}]},{\"@type\":\"BreadcrumbList\",\"@id\":\"https:\\\/\\\/www.bornin.brussels\\\/nl\\\/mama-en-papa-worden\\\/perinatale-geestelijke-gezondheid\\\/moeilijkheden-met-mijn-baby\\\/#breadcrumb\",\"itemListElement\":[{\"@type\":\"ListItem\",\"position\":1,\"name\":\"Accueil\",\"item\":\"https:\\\/\\\/www.bornin.brussels\\\/nl\\\/\"},{\"@type\":\"ListItem\",\"position\":2,\"name\":\"Mama en papa worden\",\"item\":\"https:\\\/\\\/www.bornin.brussels\\\/nl\\\/mama-en-papa-worden\\\/\"},{\"@type\":\"ListItem\",\"position\":3,\"name\":\"Perinatale geestelijke gezondheid\",\"item\":\"https:\\\/\\\/www.bornin.brussels\\\/nl\\\/mama-en-papa-worden\\\/perinatale-geestelijke-gezondheid\\\/\"},{\"@type\":\"ListItem\",\"position\":4,\"name\":\"Moeilijkheden met mijn baby\"}]},{\"@type\":\"WebSite\",\"@id\":\"https:\\\/\\\/www.bornin.brussels\\\/#website\",\"url\":\"https:\\\/\\\/www.bornin.brussels\\\/\",\"name\":\"Born in Brussels\",\"description\":\"Info en hulpbronnen rond de geboorte en de vroege kinderjaren\",\"potentialAction\":[{\"@type\":\"SearchAction\",\"target\":{\"@type\":\"EntryPoint\",\"urlTemplate\":\"https:\\\/\\\/www.bornin.brussels\\\/?s={search_term_string}\"},\"query-input\":{\"@type\":\"PropertyValueSpecification\",\"valueRequired\":true,\"valueName\":\"search_term_string\"}}],\"inLanguage\":\"nl-NL\"}]}<\/script>\n<!-- \/ Yoast SEO plugin. -->","yoast_head_json":{"title":"Moeilijkheden met mijn baby - Born in Brussels","description":"Je hebt je baby negen maanden in je buik gedragen en toch vind je dat jullie band complex is, niet zoals je verwacht had.","robots":{"index":"index","follow":"follow","max-snippet":"max-snippet:-1","max-image-preview":"max-image-preview:large","max-video-preview":"max-video-preview:-1"},"canonical":"https:\/\/www.bornin.brussels\/nl\/mama-en-papa-worden\/perinatale-geestelijke-gezondheid\/moeilijkheden-met-mijn-baby\/","og_locale":"nl_NL","og_type":"article","og_title":"Moeilijkheden met mijn baby - Born in Brussels","og_description":"Je hebt je baby negen maanden in je buik gedragen en toch vind je dat jullie band complex is, niet zoals je verwacht had.","og_url":"https:\/\/www.bornin.brussels\/nl\/mama-en-papa-worden\/perinatale-geestelijke-gezondheid\/moeilijkheden-met-mijn-baby\/","og_site_name":"Born in Brussels","article_publisher":"https:\/\/www.facebook.com\/bornin.brussels","article_modified_time":"2025-03-19T10:58:39+00:00","og_image":[{"width":200,"height":200,"url":"https:\/\/www.bornin.brussels\/wp-content\/uploads\/2022\/06\/logo_social.png","type":"image\/png"}],"twitter_card":"summary_large_image","twitter_site":"@BorninBrussels","twitter_misc":{"Geschatte leestijd":"3 minuten"},"schema":{"@context":"https:\/\/schema.org","@graph":[{"@type":"WebPage","@id":"https:\/\/www.bornin.brussels\/nl\/mama-en-papa-worden\/perinatale-geestelijke-gezondheid\/moeilijkheden-met-mijn-baby\/","url":"https:\/\/www.bornin.brussels\/nl\/mama-en-papa-worden\/perinatale-geestelijke-gezondheid\/moeilijkheden-met-mijn-baby\/","name":"Moeilijkheden met mijn baby - Born in Brussels","isPartOf":{"@id":"https:\/\/www.bornin.brussels\/#website"},"datePublished":"2025-01-02T16:34:46+00:00","dateModified":"2025-03-19T10:58:39+00:00","description":"Je hebt je baby negen maanden in je buik gedragen en toch vind je dat jullie band complex is, niet zoals je verwacht had.","breadcrumb":{"@id":"https:\/\/www.bornin.brussels\/nl\/mama-en-papa-worden\/perinatale-geestelijke-gezondheid\/moeilijkheden-met-mijn-baby\/#breadcrumb"},"inLanguage":"nl-NL","potentialAction":[{"@type":"ReadAction","target":["https:\/\/www.bornin.brussels\/nl\/mama-en-papa-worden\/perinatale-geestelijke-gezondheid\/moeilijkheden-met-mijn-baby\/"]}]},{"@type":"BreadcrumbList","@id":"https:\/\/www.bornin.brussels\/nl\/mama-en-papa-worden\/perinatale-geestelijke-gezondheid\/moeilijkheden-met-mijn-baby\/#breadcrumb","itemListElement":[{"@type":"ListItem","position":1,"name":"Accueil","item":"https:\/\/www.bornin.brussels\/nl\/"},{"@type":"ListItem","position":2,"name":"Mama en papa worden","item":"https:\/\/www.bornin.brussels\/nl\/mama-en-papa-worden\/"},{"@type":"ListItem","position":3,"name":"Perinatale geestelijke gezondheid","item":"https:\/\/www.bornin.brussels\/nl\/mama-en-papa-worden\/perinatale-geestelijke-gezondheid\/"},{"@type":"ListItem","position":4,"name":"Moeilijkheden met mijn baby"}]},{"@type":"WebSite","@id":"https:\/\/www.bornin.brussels\/#website","url":"https:\/\/www.bornin.brussels\/","name":"Born in Brussels","description":"Info en hulpbronnen rond de geboorte en de vroege kinderjaren","potentialAction":[{"@type":"SearchAction","target":{"@type":"EntryPoint","urlTemplate":"https:\/\/www.bornin.brussels\/?s={search_term_string}"},"query-input":{"@type":"PropertyValueSpecification","valueRequired":true,"valueName":"search_term_string"}}],"inLanguage":"nl-NL"}]}},"ticketed":false,"_links":{"self":[{"href":"https:\/\/www.bornin.brussels\/nl\/wp-json\/wp\/v2\/pages\/34449","targetHints":{"allow":["GET"]}}],"collection":[{"href":"https:\/\/www.bornin.brussels\/nl\/wp-json\/wp\/v2\/pages"}],"about":[{"href":"https:\/\/www.bornin.brussels\/nl\/wp-json\/wp\/v2\/types\/page"}],"author":[{"embeddable":true,"href":"https:\/\/www.bornin.brussels\/nl\/wp-json\/wp\/v2\/users\/2"}],"replies":[{"embeddable":true,"href":"https:\/\/www.bornin.brussels\/nl\/wp-json\/wp\/v2\/comments?post=34449"}],"version-history":[{"count":8,"href":"https:\/\/www.bornin.brussels\/nl\/wp-json\/wp\/v2\/pages\/34449\/revisions"}],"predecessor-version":[{"id":36149,"href":"https:\/\/www.bornin.brussels\/nl\/wp-json\/wp\/v2\/pages\/34449\/revisions\/36149"}],"up":[{"embeddable":true,"href":"https:\/\/www.bornin.brussels\/nl\/wp-json\/wp\/v2\/pages\/29127"}],"wp:attachment":[{"href":"https:\/\/www.bornin.brussels\/nl\/wp-json\/wp\/v2\/media?parent=34449"}],"curies":[{"name":"wp","href":"https:\/\/api.w.org\/{rel}","templated":true}]}}