{"id":34468,"date":"2025-01-03T11:58:51","date_gmt":"2025-01-03T10:58:51","guid":{"rendered":"https:\/\/www.bornin.brussels\/?page_id=34468"},"modified":"2025-11-28T12:56:40","modified_gmt":"2025-11-28T11:56:40","slug":"projecten-en-netwerken-in-de-brusselse-perinatale-sector","status":"publish","type":"page","link":"https:\/\/www.bornin.brussels\/nl\/mama-en-papa-worden\/perinatale-geestelijke-gezondheid\/professionals-uit-de-perinatale-sector\/projecten-en-netwerken-in-de-brusselse-perinatale-sector\/","title":{"rendered":"Projecten en netwerken in de Brusselse perinatale sector"},"content":{"rendered":"<h2>Programma Crosslink 0-6 &#8211; vzw Bru-Stars<\/h2>\n<p><strong><a href=\"https:\/\/www.bru-stars.be\/nl\/\">Bru-Stars<\/a> is het Brusselse netwerk voor geestelijke gezondheid voor kinderen en jongeren, dat ontwikkeld werd in het kader van het nieuwe beleid inzake geestelijke gezondheid voor kinderen en jongeren.<\/strong><\/p>\n<p>Er lopen verschillende programma&#8217;s, zoals <a href=\"http:\/\/www.bru-stars.be\/nl\/programmes-et-offres-de-soins\/consultation-et-liaison-intersectorielle\/\">Crosslink<\/a>, dat intersectorale consultatie en samenwerking mogelijk maakt. De doelstellingen zijn van dat programma zijn:<\/p>\n<ul>\n<li>de uitwisseling van expertise en ervaring op het terrein vereenvoudigen;<\/li>\n<li>sectoroverschrijdende expertise delen;<\/li>\n<li>de expertise in geestelijke gezondheid vergroten.<\/li>\n<\/ul>\n<p><strong>De activiteiten zijn gericht op de volgende thema&#8217;s:<\/strong><\/p>\n<ul>\n<li>baby&#8217;s en jonge kinderen (-9 maanden &#8211; 1 jaar\/1 jaar &#8211; 6 jaar);<\/li>\n<li>kinderen van ouders met psychische problemen of verslavingen (kwetsbaar ouderschap).<\/li>\n<\/ul>\n<p><strong>Contact <\/strong><\/p>\n<ul>\n<li>Jessy Poels: <a href=\"mailto:j.poels@bru-stars.be\">poels@bru-stars.be<\/a> &#8211; 0488\/40 72 31<\/li>\n<li>Caroline Gr\u00e9goire: <a href=\"mailto:c.gregoire@bru-stars.be\">gregoire@bru-stars.be<\/a> &#8211; 0490\/57 97 45<\/li>\n<\/ul>\n<p><a href=\"https:\/\/www.bru-stars.be\/nl\/programmes-et-offres-de-soins\/consultation-et-liaison-intersectorielle\/\" target=\"_blank\" rel=\"noopener\">Meer informatie<\/a><\/p>\n<h2>Expertisecentrum Kraamzorg Volle Maan<\/h2>\n<p><strong>Expertisecentrum Kraamzorg Volle Maan<\/strong><strong> is een centrum dat informatie en documentatie biedt over de periode v\u00f3\u00f3r, tijdens en na de bevalling aan (toekomstige) ouders en professionals.<\/strong><br \/>\n&#8211; Het biedt informatie over zwangerschap, bevalling en kraamzorg: informatielijn, online informatie via de website, bibliotheek met vakliteratuur.<br \/>\n&#8211; Je kan er terecht voor informatiesessies en opleidingen: cultuursensitieve informatie, EHBO voor baby\u2019s en jonge kinderen voor anderstaligen (op aanvraag van partnerorganisaties), enz.<br \/>\n&#8211; Volle Maan co\u00f6rdineert een perinataal professioneel netwerk, verstuurt een nieuwsbrief en organiseert twee keer per jaar ontmoetingen.<br \/>\n&#8211; Tot slot biedt Volle Maan hulp aan toekomstige en jonge moeders die op zoek zijn naar professionals in de perinatale sector: vroedkundigen, kinesisten, psychotherapeuten, pre- en postnatale yoga-instructeurs, enz.<\/p>\n<p><a href=\"http:\/\/www.expertisecentrum-vollemaan.be\/\">Meer informatie<\/a><\/p>\n<h2>Brusano<\/h2>\n<p><strong>Brusano is een ondersteunings- en hulpstructuur voor professionals in de welzijns- en gezondheidssector in Brussel.<\/strong><br \/>\n&#8211; De acties van Brusano zijn gestructureerd volgens de <a href=\"https:\/\/www.brusano.brussels\/nl\/zorgzones\/\">vijf hulp- en zorgzones<\/a>.<br \/>\n&#8211; Helpdesk &amp;\u00a0 Ori\u00ebntatie: een team waarmee elke professional contact kan opnemen voor ondersteuning en doorverwijzing bij moeilijkheden met de begeleiding van een begunstigde in een complexe situatie: 02 880 29 88.<br \/>\n&#8211; Focus &amp; Repertoria: informatiebrochures over welzijns- en gezondheidsbegeleiding, gericht op bestaande hulp en ondersteuning en aangevuld met webinars <a href=\"https:\/\/www.brusano.brussels\/nl\/pdf\/perinataliteit\/\">(Perinatale zorg: ondersteunings- en begeleidingsaanbod in het Brussels Gewest<\/a>).<br \/>\n&#8211; Perinataliteit: begeleiding en ondersteuning, als onderdeel van het GWGP heeft het programma &#8220;zwangere vrouwen&#8221;, ook wel &#8220;perinataliteit&#8221; genoemd, als doel de pre- en postnatale opvolging te verbeteren door de toegang tot bestaande hulp en zorg en de samenwerkingen tussen de actoren te verbeteren.<\/p>\n<p><a href=\"https:\/\/www.brusano.brussels\/nl\/\">Meer informatie<\/a><\/p>\n<h2>Het netwerk P\u00e9rinatal<\/h2>\n<p><strong>Dit netwerk rond perinataliteit werd opgericht door dr. Karine Mendelbaum (medisch directeur van de Clinique La Ram\u00e9e en hoofdarts van unit 3). Het is ontstaan uit de vaststelling dat de samenwerking tussen alle professionals in het domein van de perinatale geestelijke gezondheid bevorderd moet worden.<\/strong><\/p>\n<p>Het netwerk is bedoeld om de samenwerking en de co\u00f6rdinatie van de zorg te verbeteren en een structuur in te voeren voor uitwisselingen tussen professionals.<br \/>\n<a href=\"https:\/\/www.perinatal.be\/\">Meer informatie<\/a><\/p>\n<h2>GIP &#8211; Groupe interdisciplinaire-interuniversitaire de p\u00e9rinatalit\u00e9 ULB\/UCL<\/h2>\n<p>De GIP verenigt professionals uit de perinatale sector van Brusselse universitaire ziekenhuizen: gynaecologen, vroedkundigen, neonatologen, kindercardiologen, kinderverpleegkundigen, sociaal werkers, kinderpsychiaters en psychiaters. Het doel is om praktijken te vergelijken, transdisciplinaire denkoefeningen te bevorderen en opleidingsdagen en colloquia te organiseren om professionals in de perinatale sector te ondersteunen.<\/p>\n<p>Contact: <a href=\"mailto:info@gip-perinatalite.be\">info@gip-perinatalite.be<\/a>\u00a0\u00a0 <a href=\"http:\/\/www.gip-perinatalite.be\/index.php\">Meer informatie<\/a><\/p>\n<h2>Soci\u00e9t\u00e9 Marc\u00e9 Francophone<\/h2>\n<p><strong>De Soci\u00e9t\u00e9 Marc\u00e9 Francophone richt zich tot alle professionals uit het perinatale domein die ge\u00efnteresseerd zijn in een verbetering van het begrip, de preventie en de behandeling van psychische en relationele problemen die verband houden met de postnatale periode en de gevolgen daarvan voor de vroege kinderjaren.<\/strong><\/p>\n<p><strong>Er zijn werkgroepen voor Belgische professionals:<\/strong><\/p>\n<ul>\n<li>werkgroep van de Franstalige ouder-babyunits in Belgi\u00eb;<\/li>\n<li>groep voor Marc\u00e9-bijeenkomsten in Luik.<\/li>\n<\/ul>\n<p><a href=\"https:\/\/societemarcefrancophone.fr\/groupes-de-travail\/\">Meer informatie<\/a><\/p>\n<h2>WAIMH Belgo-Luxembourgeoise<\/h2>\n<p><strong>WAIMH Belgo-Luxembourgeoise en WAIMH Vlaanderen maken deel uit van de <em>World Association for Infant Mental Health<\/em>, die leden heeft over de hele wereld.<\/strong><\/p>\n<p>WAIMH Belgo-Luxembourgeoise richt zich op de kinderwens, de conceptie, de zwangerschap, de perinatale periode, de baby en het jonge kind tot de leeftijd van 36 maanden.<\/p>\n<h3><strong>Doelstellingen<\/strong><\/h3>\n<ul>\n<li>professionals verenigen die actief zijn in verschillende domeinen die verband houden met de geboorte en de vroege kinderjaren: kinderopvang, verloskunde, gynaecologie, kraamklinieken, ouder-kindpartners van het ONE, thuiszorgnetwerken, psychologie, pediatrie, kinderpsychiatrie, psychomotoriek, kinesitherapie en osteopathie;<\/li>\n<li>theoretische en klinische denkoefeningen en onderzoeken bevorderen op het gebied van:\n<ul>\n<li>de verschillende facetten van het ouderschap;<\/li>\n<li>de psychische ontwikkeling van het jonge kind, op sensomotorisch, cognitief en affectief vlak in relatie tot zijn omgeving;<\/li>\n<li>de psychopathologische aspecten die typisch zijn voor deze levensfase en de verschillende psychotherapeutische benaderingen in dit specifieke domein van de geboorte en de vroege kinderjaren;<\/li>\n<\/ul>\n<\/li>\n<li>preventief werken;<\/li>\n<li>bijdragen aan de bewustmaking en opleiding van professionals in het domein van de geboorte en de vroege kinderjaren.<\/li>\n<\/ul>\n<p>WAIMH \u00a0Belgo-Luxembourgeoise organiseert studiedagen en heel wat thematische werkgroepen voor professionals uit de perinatale sector.<\/p>\n<p><a href=\"https:\/\/waimhbl.be\/\">Meer informatie<\/a><\/p>\n<h2>WAIMH Vlaanderen<\/h2>\n<p>WAIMH Vlaanderen wil een platform zijn voor de uitwisseling van kennis en expertise tussen professionals in het domein van de perinatale periode in de ruime zin (vanaf de kinderwens tot zes jaar). De vereniging volgt prominent wetenschappelijk onderzoek rond de psychosociale ontwikkeling van zeer jonge kinderen en stimuleert bijscholing op het gebied van geestelijke gezondheid van jonge kinderen.<\/p>\n<h3><strong>Doelstellingen<\/strong><\/h3>\n<ul>\n<li>bewustmaken;<\/li>\n<li>samenwerken over disciplines heen en expertise delen;<\/li>\n<li>betrokken zijn bij de ontwikkeling en promotie van wetenschappelijk onderbouwde programma\u2019s voor preventie en interventie met betrekking tot de ontwikkeling van het jonge kind en zijn zorgfiguren;<\/li>\n<li>aandacht hebben voor een multicultureel en multidisciplinair perspectief;<\/li>\n<li>een forum bieden voor de uitwisseling van informatie in verband met de geestelijke gezondheid van jonge kinderen;<\/li>\n<li>contacten met beleidsorganen aangaan en onderhouden om de behoeften en de resultaten van wetenschappelijk onderzoek, goede praktijken en aanbevelingen te delen.<\/li>\n<\/ul>\n<p><strong>Er zijn twee werkgroepen actief:<\/strong><\/p>\n<ul>\n<li>werkgroep beleid, onderzoek en praktijk;<\/li>\n<li>werkgroep vorming en onderwijs.<\/li>\n<\/ul>\n<p>De vereniging organiseert heel wat studiedagen en opleidingen. Ze organiseert ook een week voor hulpverleners uit de sector van de perinatale geestelijke gezondheid.<\/p>\n<p><a href=\"https:\/\/www.waimh-vlaanderen.be\/nl\">Meer informatie<\/a><\/p>\n","protected":false},"excerpt":{"rendered":"<p>Programma Crosslink 0-6 &#8211; vzw Bru-Stars Bru-Stars is het Brusselse netwerk voor geestelijke gezondheid voor kinderen en jongeren, dat ontwikkeld werd in het kader van het nieuwe beleid inzake geestelijke [&hellip;]<\/p>\n","protected":false},"author":2,"featured_media":0,"parent":34466,"menu_order":2,"comment_status":"closed","ping_status":"closed","template":"","meta":{"_acf_changed":false,"_price":"","_stock":"","_tribe_ticket_header":"","_tribe_default_ticket_provider":"TEC\\Tickets\\Commerce\\Module","_tribe_ticket_capacity":"0","_ticket_start_date":"","_ticket_end_date":"","_tribe_ticket_show_description":"","_tribe_ticket_show_not_going":false,"_tribe_ticket_use_global_stock":"","_tribe_ticket_global_stock_level":"","_global_stock_mode":"","_global_stock_cap":"","_tribe_rsvp_for_event":"","_tribe_ticket_going_count":"","_tribe_ticket_not_going_count":"","_tribe_tickets_list":"[]","_tribe_ticket_has_attendee_info_fields":false,"footnotes":"","_tec_slr_enabled":"","_tec_slr_layout":""},"class_list":["post-34468","page","type-page","status-publish","hentry"],"acf":[],"yoast_head":"<!-- This site is optimized with the Yoast SEO plugin v27.5 - https:\/\/yoast.com\/product\/yoast-seo-wordpress\/ -->\n<title>Projecten en netwerken in de Brusselse perinatale sector - Born in Brussels<\/title>\n<meta name=\"description\" content=\"In dit gedeelte kunnen professionals uit de perinatale sector die ge\u00efnteresseerd zijn in geestelijke gezondheid informatie vinden...\" \/>\n<meta name=\"robots\" content=\"index, follow, max-snippet:-1, max-image-preview:large, max-video-preview:-1\" \/>\n<link rel=\"canonical\" href=\"https:\/\/www.bornin.brussels\/nl\/mama-en-papa-worden\/perinatale-geestelijke-gezondheid\/professionals-uit-de-perinatale-sector\/projecten-en-netwerken-in-de-brusselse-perinatale-sector\/\" \/>\n<meta property=\"og:locale\" content=\"nl_NL\" \/>\n<meta property=\"og:type\" content=\"article\" \/>\n<meta property=\"og:title\" content=\"Projecten en netwerken in de Brusselse perinatale sector - Born in Brussels\" \/>\n<meta property=\"og:description\" content=\"In dit gedeelte kunnen professionals uit de perinatale sector die ge\u00efnteresseerd zijn in geestelijke gezondheid informatie vinden...\" \/>\n<meta property=\"og:url\" content=\"https:\/\/www.bornin.brussels\/nl\/mama-en-papa-worden\/perinatale-geestelijke-gezondheid\/professionals-uit-de-perinatale-sector\/projecten-en-netwerken-in-de-brusselse-perinatale-sector\/\" \/>\n<meta property=\"og:site_name\" content=\"Born in Brussels\" \/>\n<meta property=\"article:publisher\" content=\"https:\/\/www.facebook.com\/bornin.brussels\" \/>\n<meta property=\"article:modified_time\" content=\"2025-11-28T11:56:40+00:00\" \/>\n<meta property=\"og:image\" content=\"https:\/\/www.bornin.brussels\/wp-content\/uploads\/2022\/06\/logo_social.png\" \/>\n\t<meta property=\"og:image:width\" content=\"200\" \/>\n\t<meta property=\"og:image:height\" content=\"200\" \/>\n\t<meta property=\"og:image:type\" content=\"image\/png\" \/>\n<meta name=\"twitter:card\" content=\"summary_large_image\" \/>\n<meta name=\"twitter:site\" content=\"@BorninBrussels\" \/>\n<meta name=\"twitter:label1\" content=\"Geschatte leestijd\" \/>\n\t<meta name=\"twitter:data1\" content=\"5 minuten\" \/>\n<script type=\"application\/ld+json\" class=\"yoast-schema-graph\">{\"@context\":\"https:\\\/\\\/schema.org\",\"@graph\":[{\"@type\":\"WebPage\",\"@id\":\"https:\\\/\\\/www.bornin.brussels\\\/nl\\\/mama-en-papa-worden\\\/perinatale-geestelijke-gezondheid\\\/professionals-uit-de-perinatale-sector\\\/projecten-en-netwerken-in-de-brusselse-perinatale-sector\\\/\",\"url\":\"https:\\\/\\\/www.bornin.brussels\\\/nl\\\/mama-en-papa-worden\\\/perinatale-geestelijke-gezondheid\\\/professionals-uit-de-perinatale-sector\\\/projecten-en-netwerken-in-de-brusselse-perinatale-sector\\\/\",\"name\":\"Projecten en netwerken in de Brusselse perinatale sector - Born in Brussels\",\"isPartOf\":{\"@id\":\"https:\\\/\\\/www.bornin.brussels\\\/#website\"},\"datePublished\":\"2025-01-03T10:58:51+00:00\",\"dateModified\":\"2025-11-28T11:56:40+00:00\",\"description\":\"In dit gedeelte kunnen professionals uit de perinatale sector die ge\u00efnteresseerd zijn in geestelijke gezondheid informatie vinden...\",\"breadcrumb\":{\"@id\":\"https:\\\/\\\/www.bornin.brussels\\\/nl\\\/mama-en-papa-worden\\\/perinatale-geestelijke-gezondheid\\\/professionals-uit-de-perinatale-sector\\\/projecten-en-netwerken-in-de-brusselse-perinatale-sector\\\/#breadcrumb\"},\"inLanguage\":\"nl-NL\",\"potentialAction\":[{\"@type\":\"ReadAction\",\"target\":[\"https:\\\/\\\/www.bornin.brussels\\\/nl\\\/mama-en-papa-worden\\\/perinatale-geestelijke-gezondheid\\\/professionals-uit-de-perinatale-sector\\\/projecten-en-netwerken-in-de-brusselse-perinatale-sector\\\/\"]}]},{\"@type\":\"BreadcrumbList\",\"@id\":\"https:\\\/\\\/www.bornin.brussels\\\/nl\\\/mama-en-papa-worden\\\/perinatale-geestelijke-gezondheid\\\/professionals-uit-de-perinatale-sector\\\/projecten-en-netwerken-in-de-brusselse-perinatale-sector\\\/#breadcrumb\",\"itemListElement\":[{\"@type\":\"ListItem\",\"position\":1,\"name\":\"Accueil\",\"item\":\"https:\\\/\\\/www.bornin.brussels\\\/nl\\\/\"},{\"@type\":\"ListItem\",\"position\":2,\"name\":\"Mama en papa worden\",\"item\":\"https:\\\/\\\/www.bornin.brussels\\\/nl\\\/mama-en-papa-worden\\\/\"},{\"@type\":\"ListItem\",\"position\":3,\"name\":\"Perinatale geestelijke gezondheid\",\"item\":\"https:\\\/\\\/www.bornin.brussels\\\/nl\\\/mama-en-papa-worden\\\/perinatale-geestelijke-gezondheid\\\/\"},{\"@type\":\"ListItem\",\"position\":4,\"name\":\"Professionals uit de perinatale sector\",\"item\":\"https:\\\/\\\/www.bornin.brussels\\\/nl\\\/mama-en-papa-worden\\\/perinatale-geestelijke-gezondheid\\\/professionals-uit-de-perinatale-sector\\\/\"},{\"@type\":\"ListItem\",\"position\":5,\"name\":\"Projecten en netwerken in de Brusselse perinatale sector\"}]},{\"@type\":\"WebSite\",\"@id\":\"https:\\\/\\\/www.bornin.brussels\\\/#website\",\"url\":\"https:\\\/\\\/www.bornin.brussels\\\/\",\"name\":\"Born in Brussels\",\"description\":\"Info en hulpbronnen rond de geboorte en de vroege kinderjaren\",\"potentialAction\":[{\"@type\":\"SearchAction\",\"target\":{\"@type\":\"EntryPoint\",\"urlTemplate\":\"https:\\\/\\\/www.bornin.brussels\\\/?s={search_term_string}\"},\"query-input\":{\"@type\":\"PropertyValueSpecification\",\"valueRequired\":true,\"valueName\":\"search_term_string\"}}],\"inLanguage\":\"nl-NL\"}]}<\/script>\n<!-- \/ Yoast SEO plugin. -->","yoast_head_json":{"title":"Projecten en netwerken in de Brusselse perinatale sector - Born in Brussels","description":"In dit gedeelte kunnen professionals uit de perinatale sector die ge\u00efnteresseerd zijn in geestelijke gezondheid informatie vinden...","robots":{"index":"index","follow":"follow","max-snippet":"max-snippet:-1","max-image-preview":"max-image-preview:large","max-video-preview":"max-video-preview:-1"},"canonical":"https:\/\/www.bornin.brussels\/nl\/mama-en-papa-worden\/perinatale-geestelijke-gezondheid\/professionals-uit-de-perinatale-sector\/projecten-en-netwerken-in-de-brusselse-perinatale-sector\/","og_locale":"nl_NL","og_type":"article","og_title":"Projecten en netwerken in de Brusselse perinatale sector - Born in Brussels","og_description":"In dit gedeelte kunnen professionals uit de perinatale sector die ge\u00efnteresseerd zijn in geestelijke gezondheid informatie vinden...","og_url":"https:\/\/www.bornin.brussels\/nl\/mama-en-papa-worden\/perinatale-geestelijke-gezondheid\/professionals-uit-de-perinatale-sector\/projecten-en-netwerken-in-de-brusselse-perinatale-sector\/","og_site_name":"Born in Brussels","article_publisher":"https:\/\/www.facebook.com\/bornin.brussels","article_modified_time":"2025-11-28T11:56:40+00:00","og_image":[{"width":200,"height":200,"url":"https:\/\/www.bornin.brussels\/wp-content\/uploads\/2022\/06\/logo_social.png","type":"image\/png"}],"twitter_card":"summary_large_image","twitter_site":"@BorninBrussels","twitter_misc":{"Geschatte leestijd":"5 minuten"},"schema":{"@context":"https:\/\/schema.org","@graph":[{"@type":"WebPage","@id":"https:\/\/www.bornin.brussels\/nl\/mama-en-papa-worden\/perinatale-geestelijke-gezondheid\/professionals-uit-de-perinatale-sector\/projecten-en-netwerken-in-de-brusselse-perinatale-sector\/","url":"https:\/\/www.bornin.brussels\/nl\/mama-en-papa-worden\/perinatale-geestelijke-gezondheid\/professionals-uit-de-perinatale-sector\/projecten-en-netwerken-in-de-brusselse-perinatale-sector\/","name":"Projecten en netwerken in de Brusselse perinatale sector - Born in Brussels","isPartOf":{"@id":"https:\/\/www.bornin.brussels\/#website"},"datePublished":"2025-01-03T10:58:51+00:00","dateModified":"2025-11-28T11:56:40+00:00","description":"In dit gedeelte kunnen professionals uit de perinatale sector die ge\u00efnteresseerd zijn in geestelijke gezondheid informatie vinden...","breadcrumb":{"@id":"https:\/\/www.bornin.brussels\/nl\/mama-en-papa-worden\/perinatale-geestelijke-gezondheid\/professionals-uit-de-perinatale-sector\/projecten-en-netwerken-in-de-brusselse-perinatale-sector\/#breadcrumb"},"inLanguage":"nl-NL","potentialAction":[{"@type":"ReadAction","target":["https:\/\/www.bornin.brussels\/nl\/mama-en-papa-worden\/perinatale-geestelijke-gezondheid\/professionals-uit-de-perinatale-sector\/projecten-en-netwerken-in-de-brusselse-perinatale-sector\/"]}]},{"@type":"BreadcrumbList","@id":"https:\/\/www.bornin.brussels\/nl\/mama-en-papa-worden\/perinatale-geestelijke-gezondheid\/professionals-uit-de-perinatale-sector\/projecten-en-netwerken-in-de-brusselse-perinatale-sector\/#breadcrumb","itemListElement":[{"@type":"ListItem","position":1,"name":"Accueil","item":"https:\/\/www.bornin.brussels\/nl\/"},{"@type":"ListItem","position":2,"name":"Mama en papa worden","item":"https:\/\/www.bornin.brussels\/nl\/mama-en-papa-worden\/"},{"@type":"ListItem","position":3,"name":"Perinatale geestelijke gezondheid","item":"https:\/\/www.bornin.brussels\/nl\/mama-en-papa-worden\/perinatale-geestelijke-gezondheid\/"},{"@type":"ListItem","position":4,"name":"Professionals uit de perinatale sector","item":"https:\/\/www.bornin.brussels\/nl\/mama-en-papa-worden\/perinatale-geestelijke-gezondheid\/professionals-uit-de-perinatale-sector\/"},{"@type":"ListItem","position":5,"name":"Projecten en netwerken in de Brusselse perinatale sector"}]},{"@type":"WebSite","@id":"https:\/\/www.bornin.brussels\/#website","url":"https:\/\/www.bornin.brussels\/","name":"Born in Brussels","description":"Info en hulpbronnen rond de geboorte en de vroege kinderjaren","potentialAction":[{"@type":"SearchAction","target":{"@type":"EntryPoint","urlTemplate":"https:\/\/www.bornin.brussels\/?s={search_term_string}"},"query-input":{"@type":"PropertyValueSpecification","valueRequired":true,"valueName":"search_term_string"}}],"inLanguage":"nl-NL"}]}},"ticketed":false,"_links":{"self":[{"href":"https:\/\/www.bornin.brussels\/nl\/wp-json\/wp\/v2\/pages\/34468","targetHints":{"allow":["GET"]}}],"collection":[{"href":"https:\/\/www.bornin.brussels\/nl\/wp-json\/wp\/v2\/pages"}],"about":[{"href":"https:\/\/www.bornin.brussels\/nl\/wp-json\/wp\/v2\/types\/page"}],"author":[{"embeddable":true,"href":"https:\/\/www.bornin.brussels\/nl\/wp-json\/wp\/v2\/users\/2"}],"replies":[{"embeddable":true,"href":"https:\/\/www.bornin.brussels\/nl\/wp-json\/wp\/v2\/comments?post=34468"}],"version-history":[{"count":6,"href":"https:\/\/www.bornin.brussels\/nl\/wp-json\/wp\/v2\/pages\/34468\/revisions"}],"predecessor-version":[{"id":41303,"href":"https:\/\/www.bornin.brussels\/nl\/wp-json\/wp\/v2\/pages\/34468\/revisions\/41303"}],"up":[{"embeddable":true,"href":"https:\/\/www.bornin.brussels\/nl\/wp-json\/wp\/v2\/pages\/34466"}],"wp:attachment":[{"href":"https:\/\/www.bornin.brussels\/nl\/wp-json\/wp\/v2\/media?parent=34468"}],"curies":[{"name":"wp","href":"https:\/\/api.w.org\/{rel}","templated":true}]}}