{"id":9739,"date":"2022-01-20T11:11:08","date_gmt":"2022-01-20T10:11:08","guid":{"rendered":"https:\/\/clef2webdev.be\/?page_id=9739"},"modified":"2022-09-13T15:40:40","modified_gmt":"2022-09-13T13:40:40","slug":"van-de-creche-tot-de-kleuterschool","status":"publish","type":"page","link":"https:\/\/www.bornin.brussels\/nl\/kinderen-van-0-tot-2-en-een-half-jaar\/van-de-creche-tot-de-kleuterschool\/","title":{"rendered":"Van de cr\u00e8che tot de kleuterschool"},"content":{"rendered":"<p><strong>V\u00f3\u00f3r de leeftijd van twee\u00ebnhalf jaar, wanneer je baby of peuter klaar is om naar de kleuterschool te gaan, zal hij of zij al heel wat opvang achter de rug hebben. Vanaf de leeftijd van vier maanden, of aan het einde van jouw zwangerschapsverlof, kan het kind al naar een cr\u00e8che gaan of aan een onthaalouder worden toevertrouwd. Voor ouders (de moeder of de vader), die besluiten bij hun kind te blijven, kunnen inloopcentra tijdelijke opvang voor een paar uur bieden. In geval van beperking of ziekte zijn er ook andere alternatieven mogelijk.\u00a0<\/strong><\/p>\n<div class=\"blue-list\">\n<ul>\n<li data-leveltext=\"-\" data-font=\"Calibri\" data-listid=\"1\" aria-setsize=\"-1\" data-aria-posinset=\"2\" data-aria-level=\"1\"><a href=\"https:\/\/www.bornin.brussels\/nl\/kinderen-van-0-tot-2-en-een-half-jaar\/van-de-creche-tot-de-kleuterschool\/opvangvoorzieningen-tot-2-en-een-half-jaar\/\"><span data-contrast=\"none\">Opvangvoorzieningen tot 2,5 jaar<\/span><span data-ccp-props=\"{&quot;201341983&quot;:0,&quot;335559739&quot;:160,&quot;335559740&quot;:259}\">\u00a0<\/span><\/a><\/li>\n<li data-leveltext=\"-\" data-font=\"Calibri\" data-listid=\"1\" aria-setsize=\"-1\" data-aria-posinset=\"2\" data-aria-level=\"1\"><a href=\"https:\/\/www.bornin.brussels\/nl\/kinderen-van-0-tot-2-en-een-half-jaar\/van-de-creche-tot-de-kleuterschool\/opvang-van-18-tot-30-maanden\/\"><span data-contrast=\"none\">Opvang van 18 tot 30 maanden<\/span><span data-ccp-props=\"{&quot;201341983&quot;:0,&quot;335559739&quot;:160,&quot;335559740&quot;:259}\">\u00a0<\/span><\/a><\/li>\n<li data-leveltext=\"-\" data-font=\"Calibri\" data-listid=\"1\" aria-setsize=\"-1\" data-aria-posinset=\"2\" data-aria-level=\"1\"><a href=\"https:\/\/www.bornin.brussels\/nl\/kinderen-van-0-tot-2-en-een-half-jaar\/van-de-creche-tot-de-kleuterschool\/occasionele-kinderopvang-ik-moet-even-op-adem-komen\/\"><span data-contrast=\"none\">Occasionele kinderopvang: ik moet even op adem komen\u202f<\/span><span data-ccp-props=\"{&quot;201341983&quot;:0,&quot;335559739&quot;:160,&quot;335559740&quot;:259}\">\u00a0<\/span><\/a><\/li>\n<li data-leveltext=\"-\" data-font=\"Calibri\" data-listid=\"1\" aria-setsize=\"-1\" data-aria-posinset=\"2\" data-aria-level=\"1\"><a href=\"https:\/\/www.bornin.brussels\/nl\/kinderen-van-0-tot-2-en-een-half-jaar\/van-de-creche-tot-de-kleuterschool\/kinderdagverblijf-en-beperking\/\"><span data-contrast=\"none\">Kinderdagverblijf en beperking<\/span><span data-ccp-props=\"{&quot;201341983&quot;:0,&quot;335559739&quot;:160,&quot;335559740&quot;:259}\">\u00a0<\/span><\/a><\/li>\n<li data-leveltext=\"-\" data-font=\"Calibri\" data-listid=\"1\" aria-setsize=\"-1\" data-aria-posinset=\"2\" data-aria-level=\"1\"><a href=\"https:\/\/www.bornin.brussels\/nl\/kinderen-van-0-tot-2-en-een-half-jaar\/van-de-creche-tot-de-kleuterschool\/opvang-van-zieke-kinderen\/\">Opvang van zieke kinderen<\/a><\/li>\n<li data-leveltext=\"-\" data-font=\"Calibri\" data-listid=\"1\" aria-setsize=\"-1\" data-aria-posinset=\"2\" data-aria-level=\"1\"><a href=\"https:\/\/www.bornin.brussels\/nl\/kinderen-van-0-tot-2-en-een-half-jaar\/van-de-creche-tot-de-kleuterschool\/financiele-tegemoetkoming-voor-kinderopvang\/\"><span data-contrast=\"none\">Financi\u00eble tegemoetkoming voor kinderopvang<\/span><span data-ccp-props=\"{&quot;201341983&quot;:0,&quot;335559739&quot;:160,&quot;335559740&quot;:259}\">\u00a0<\/span><\/a><\/li>\n<li data-leveltext=\"-\" data-font=\"Calibri\" data-listid=\"1\" aria-setsize=\"-1\" data-aria-posinset=\"2\" data-aria-level=\"1\"><a href=\"https:\/\/www.bornin.brussels\/nl\/kinderen-van-0-tot-2-en-een-half-jaar\/van-de-creche-tot-de-kleuterschool\/naar-de-kleuterschool\/\"><span data-contrast=\"none\">Naar de kleuterschool<\/span><\/a><\/li>\n<li data-leveltext=\"-\" data-font=\"Calibri\" data-listid=\"1\" aria-setsize=\"-1\" data-aria-posinset=\"2\" data-aria-level=\"1\"><a href=\"https:\/\/www.bornin.brussels\/nl\/kinderen-van-0-tot-2-en-een-half-jaar\/van-de-creche-tot-de-kleuterschool\/naar-de-kleuterschool-in-het-buitengewoon-onderwijs\/\"><span data-contrast=\"none\">Naar de kleuterschool in het buitengewoon onderwijs<\/span><span data-ccp-props=\"{&quot;201341983&quot;:0,&quot;335559739&quot;:160,&quot;335559740&quot;:259}\">\u00a0<\/span><\/a><\/li>\n<\/ul>\n<\/div>\n","protected":false},"excerpt":{"rendered":"<p>V\u00f3\u00f3r de leeftijd van twee\u00ebnhalf jaar, wanneer je baby of peuter klaar is om naar de kleuterschool te gaan, zal hij of zij al heel wat opvang achter de rug [&hellip;]<\/p>\n","protected":false},"author":3,"featured_media":0,"parent":9444,"menu_order":3,"comment_status":"closed","ping_status":"closed","template":"page-templates\/page-categorie.php","meta":{"_acf_changed":false,"_price":"","_stock":"","_tribe_ticket_header":"","_tribe_default_ticket_provider":"","_tribe_ticket_capacity":"0","_ticket_start_date":"","_ticket_end_date":"","_tribe_ticket_show_description":"","_tribe_ticket_show_not_going":false,"_tribe_ticket_use_global_stock":"","_tribe_ticket_global_stock_level":"","_global_stock_mode":"","_global_stock_cap":"","_tribe_rsvp_for_event":"","_tribe_ticket_going_count":"","_tribe_ticket_not_going_count":"","_tribe_tickets_list":"[]","_tribe_ticket_has_attendee_info_fields":false,"footnotes":"","_tec_slr_enabled":"","_tec_slr_layout":""},"class_list":["post-9739","page","type-page","status-publish","hentry"],"acf":[],"yoast_head":"<!-- This site is optimized with the Yoast SEO plugin v27.3 - https:\/\/yoast.com\/product\/yoast-seo-wordpress\/ -->\n<title>Van de cr\u00e8che tot de kleuterschool - Born in Brussels<\/title>\n<meta name=\"description\" content=\"V\u00f3\u00f3r de leeftijd van twee\u00ebnhalf jaar, wanneer je baby of peuter klaar is om naar de kleuterschool te gaan, zal hij al heel wat opvang achter de rug hebben.\" \/>\n<meta name=\"robots\" content=\"index, follow, max-snippet:-1, max-image-preview:large, max-video-preview:-1\" \/>\n<link rel=\"canonical\" href=\"https:\/\/www.bornin.brussels\/nl\/kinderen-van-0-tot-2-en-een-half-jaar\/van-de-creche-tot-de-kleuterschool\/\" \/>\n<meta property=\"og:locale\" content=\"nl_NL\" \/>\n<meta property=\"og:type\" content=\"article\" \/>\n<meta property=\"og:title\" content=\"Van de cr\u00e8che tot de kleuterschool - Born in Brussels\" \/>\n<meta property=\"og:description\" content=\"V\u00f3\u00f3r de leeftijd van twee\u00ebnhalf jaar, wanneer je baby of peuter klaar is om naar de kleuterschool te gaan, zal hij al heel wat opvang achter de rug hebben.\" \/>\n<meta property=\"og:url\" content=\"https:\/\/www.bornin.brussels\/nl\/kinderen-van-0-tot-2-en-een-half-jaar\/van-de-creche-tot-de-kleuterschool\/\" \/>\n<meta property=\"og:site_name\" content=\"Born in Brussels\" \/>\n<meta property=\"article:publisher\" content=\"https:\/\/www.facebook.com\/bornin.brussels\" \/>\n<meta property=\"article:modified_time\" content=\"2022-09-13T13:40:40+00:00\" \/>\n<meta property=\"og:image\" content=\"https:\/\/www.bornin.brussels\/wp-content\/uploads\/2022\/06\/logo_social.png\" \/>\n\t<meta property=\"og:image:width\" content=\"200\" \/>\n\t<meta property=\"og:image:height\" content=\"200\" \/>\n\t<meta property=\"og:image:type\" content=\"image\/png\" \/>\n<meta name=\"twitter:card\" content=\"summary_large_image\" \/>\n<meta name=\"twitter:site\" content=\"@BorninBrussels\" \/>\n<meta name=\"twitter:label1\" content=\"Geschatte leestijd\" \/>\n\t<meta name=\"twitter:data1\" content=\"1 minuut\" \/>\n<script type=\"application\/ld+json\" class=\"yoast-schema-graph\">{\"@context\":\"https:\\\/\\\/schema.org\",\"@graph\":[{\"@type\":\"WebPage\",\"@id\":\"https:\\\/\\\/www.bornin.brussels\\\/nl\\\/kinderen-van-0-tot-2-en-een-half-jaar\\\/van-de-creche-tot-de-kleuterschool\\\/\",\"url\":\"https:\\\/\\\/www.bornin.brussels\\\/nl\\\/kinderen-van-0-tot-2-en-een-half-jaar\\\/van-de-creche-tot-de-kleuterschool\\\/\",\"name\":\"Van de cr\u00e8che tot de kleuterschool - Born in Brussels\",\"isPartOf\":{\"@id\":\"https:\\\/\\\/www.bornin.brussels\\\/#website\"},\"datePublished\":\"2022-01-20T10:11:08+00:00\",\"dateModified\":\"2022-09-13T13:40:40+00:00\",\"description\":\"V\u00f3\u00f3r de leeftijd van twee\u00ebnhalf jaar, wanneer je baby of peuter klaar is om naar de kleuterschool te gaan, zal hij al heel wat opvang achter de rug hebben.\",\"breadcrumb\":{\"@id\":\"https:\\\/\\\/www.bornin.brussels\\\/nl\\\/kinderen-van-0-tot-2-en-een-half-jaar\\\/van-de-creche-tot-de-kleuterschool\\\/#breadcrumb\"},\"inLanguage\":\"nl-NL\",\"potentialAction\":[{\"@type\":\"ReadAction\",\"target\":[\"https:\\\/\\\/www.bornin.brussels\\\/nl\\\/kinderen-van-0-tot-2-en-een-half-jaar\\\/van-de-creche-tot-de-kleuterschool\\\/\"]}]},{\"@type\":\"BreadcrumbList\",\"@id\":\"https:\\\/\\\/www.bornin.brussels\\\/nl\\\/kinderen-van-0-tot-2-en-een-half-jaar\\\/van-de-creche-tot-de-kleuterschool\\\/#breadcrumb\",\"itemListElement\":[{\"@type\":\"ListItem\",\"position\":1,\"name\":\"Accueil\",\"item\":\"https:\\\/\\\/www.bornin.brussels\\\/nl\\\/\"},{\"@type\":\"ListItem\",\"position\":2,\"name\":\"Kinderen van 0 tot 2,5 jaar\",\"item\":\"https:\\\/\\\/www.bornin.brussels\\\/nl\\\/kinderen-van-0-tot-2-en-een-half-jaar\\\/\"},{\"@type\":\"ListItem\",\"position\":3,\"name\":\"Van de cr\u00e8che tot de kleuterschool\"}]},{\"@type\":\"WebSite\",\"@id\":\"https:\\\/\\\/www.bornin.brussels\\\/#website\",\"url\":\"https:\\\/\\\/www.bornin.brussels\\\/\",\"name\":\"Born in Brussels\",\"description\":\"Info en hulpbronnen rond de geboorte en de vroege kinderjaren\",\"potentialAction\":[{\"@type\":\"SearchAction\",\"target\":{\"@type\":\"EntryPoint\",\"urlTemplate\":\"https:\\\/\\\/www.bornin.brussels\\\/?s={search_term_string}\"},\"query-input\":{\"@type\":\"PropertyValueSpecification\",\"valueRequired\":true,\"valueName\":\"search_term_string\"}}],\"inLanguage\":\"nl-NL\"}]}<\/script>\n<!-- \/ Yoast SEO plugin. -->","yoast_head_json":{"title":"Van de cr\u00e8che tot de kleuterschool - Born in Brussels","description":"V\u00f3\u00f3r de leeftijd van twee\u00ebnhalf jaar, wanneer je baby of peuter klaar is om naar de kleuterschool te gaan, zal hij al heel wat opvang achter de rug hebben.","robots":{"index":"index","follow":"follow","max-snippet":"max-snippet:-1","max-image-preview":"max-image-preview:large","max-video-preview":"max-video-preview:-1"},"canonical":"https:\/\/www.bornin.brussels\/nl\/kinderen-van-0-tot-2-en-een-half-jaar\/van-de-creche-tot-de-kleuterschool\/","og_locale":"nl_NL","og_type":"article","og_title":"Van de cr\u00e8che tot de kleuterschool - Born in Brussels","og_description":"V\u00f3\u00f3r de leeftijd van twee\u00ebnhalf jaar, wanneer je baby of peuter klaar is om naar de kleuterschool te gaan, zal hij al heel wat opvang achter de rug hebben.","og_url":"https:\/\/www.bornin.brussels\/nl\/kinderen-van-0-tot-2-en-een-half-jaar\/van-de-creche-tot-de-kleuterschool\/","og_site_name":"Born in Brussels","article_publisher":"https:\/\/www.facebook.com\/bornin.brussels","article_modified_time":"2022-09-13T13:40:40+00:00","og_image":[{"width":200,"height":200,"url":"https:\/\/www.bornin.brussels\/wp-content\/uploads\/2022\/06\/logo_social.png","type":"image\/png"}],"twitter_card":"summary_large_image","twitter_site":"@BorninBrussels","twitter_misc":{"Geschatte leestijd":"1 minuut"},"schema":{"@context":"https:\/\/schema.org","@graph":[{"@type":"WebPage","@id":"https:\/\/www.bornin.brussels\/nl\/kinderen-van-0-tot-2-en-een-half-jaar\/van-de-creche-tot-de-kleuterschool\/","url":"https:\/\/www.bornin.brussels\/nl\/kinderen-van-0-tot-2-en-een-half-jaar\/van-de-creche-tot-de-kleuterschool\/","name":"Van de cr\u00e8che tot de kleuterschool - Born in Brussels","isPartOf":{"@id":"https:\/\/www.bornin.brussels\/#website"},"datePublished":"2022-01-20T10:11:08+00:00","dateModified":"2022-09-13T13:40:40+00:00","description":"V\u00f3\u00f3r de leeftijd van twee\u00ebnhalf jaar, wanneer je baby of peuter klaar is om naar de kleuterschool te gaan, zal hij al heel wat opvang achter de rug hebben.","breadcrumb":{"@id":"https:\/\/www.bornin.brussels\/nl\/kinderen-van-0-tot-2-en-een-half-jaar\/van-de-creche-tot-de-kleuterschool\/#breadcrumb"},"inLanguage":"nl-NL","potentialAction":[{"@type":"ReadAction","target":["https:\/\/www.bornin.brussels\/nl\/kinderen-van-0-tot-2-en-een-half-jaar\/van-de-creche-tot-de-kleuterschool\/"]}]},{"@type":"BreadcrumbList","@id":"https:\/\/www.bornin.brussels\/nl\/kinderen-van-0-tot-2-en-een-half-jaar\/van-de-creche-tot-de-kleuterschool\/#breadcrumb","itemListElement":[{"@type":"ListItem","position":1,"name":"Accueil","item":"https:\/\/www.bornin.brussels\/nl\/"},{"@type":"ListItem","position":2,"name":"Kinderen van 0 tot 2,5 jaar","item":"https:\/\/www.bornin.brussels\/nl\/kinderen-van-0-tot-2-en-een-half-jaar\/"},{"@type":"ListItem","position":3,"name":"Van de cr\u00e8che tot de kleuterschool"}]},{"@type":"WebSite","@id":"https:\/\/www.bornin.brussels\/#website","url":"https:\/\/www.bornin.brussels\/","name":"Born in Brussels","description":"Info en hulpbronnen rond de geboorte en de vroege kinderjaren","potentialAction":[{"@type":"SearchAction","target":{"@type":"EntryPoint","urlTemplate":"https:\/\/www.bornin.brussels\/?s={search_term_string}"},"query-input":{"@type":"PropertyValueSpecification","valueRequired":true,"valueName":"search_term_string"}}],"inLanguage":"nl-NL"}]}},"ticketed":false,"_links":{"self":[{"href":"https:\/\/www.bornin.brussels\/nl\/wp-json\/wp\/v2\/pages\/9739","targetHints":{"allow":["GET"]}}],"collection":[{"href":"https:\/\/www.bornin.brussels\/nl\/wp-json\/wp\/v2\/pages"}],"about":[{"href":"https:\/\/www.bornin.brussels\/nl\/wp-json\/wp\/v2\/types\/page"}],"author":[{"embeddable":true,"href":"https:\/\/www.bornin.brussels\/nl\/wp-json\/wp\/v2\/users\/3"}],"replies":[{"embeddable":true,"href":"https:\/\/www.bornin.brussels\/nl\/wp-json\/wp\/v2\/comments?post=9739"}],"version-history":[{"count":2,"href":"https:\/\/www.bornin.brussels\/nl\/wp-json\/wp\/v2\/pages\/9739\/revisions"}],"predecessor-version":[{"id":18947,"href":"https:\/\/www.bornin.brussels\/nl\/wp-json\/wp\/v2\/pages\/9739\/revisions\/18947"}],"up":[{"embeddable":true,"href":"https:\/\/www.bornin.brussels\/nl\/wp-json\/wp\/v2\/pages\/9444"}],"wp:attachment":[{"href":"https:\/\/www.bornin.brussels\/nl\/wp-json\/wp\/v2\/media?parent=9739"}],"curies":[{"name":"wp","href":"https:\/\/api.w.org\/{rel}","templated":true}]}}